{"id":628,"date":"2021-06-24T17:11:14","date_gmt":"2021-06-24T15:11:14","guid":{"rendered":"https:\/\/www.iterra-expeditions.fr\/?page_id=628"},"modified":"2021-07-15T14:26:17","modified_gmt":"2021-07-15T12:26:17","slug":"verdon-conseils-aux-voyageurs","status":"publish","type":"page","link":"https:\/\/www.gregorybouffenie.com\/en\/verdon-conseils-aux-voyageurs\/","title":{"rendered":"Verdon &#8211; Conseils Iterra Exp\u00e9ditions"},"content":{"rendered":"<div data-elementor-type=\"wp-page\" data-elementor-id=\"628\" class=\"elementor elementor-628\" data-elementor-post-type=\"page\">\n\t\t\t\t\t\t<section class=\"elementor-section elementor-top-section elementor-element elementor-element-d4d1153 elementor-section-full_width elementor-section-height-default elementor-section-height-default\" data-id=\"d4d1153\" data-element_type=\"section\" data-e-type=\"section\">\n\t\t\t\t\t\t<div class=\"elementor-container elementor-column-gap-default\">\n\t\t\t\t\t<div class=\"elementor-column elementor-col-100 elementor-top-column elementor-element elementor-element-a534407\" data-id=\"a534407\" data-element_type=\"column\" data-e-type=\"column\">\n\t\t\t<div class=\"elementor-widget-wrap elementor-element-populated\">\n\t\t\t\t\t\t<div class=\"elementor-element elementor-element-3df484e elementor--h-position-center elementor--v-position-middle elementor-arrows-position-inside elementor-pagination-position-inside elementor-widget elementor-widget-slides\" data-id=\"3df484e\" data-element_type=\"widget\" data-e-type=\"widget\" data-settings=\"{&quot;navigation&quot;:&quot;both&quot;,&quot;autoplay&quot;:&quot;yes&quot;,&quot;pause_on_hover&quot;:&quot;yes&quot;,&quot;pause_on_interaction&quot;:&quot;yes&quot;,&quot;autoplay_speed&quot;:5000,&quot;infinite&quot;:&quot;yes&quot;,&quot;transition&quot;:&quot;slide&quot;,&quot;transition_speed&quot;:500}\" data-widget_type=\"slides.default\">\n\t\t\t\t<div class=\"elementor-widget-container\">\n\t\t\t\t\t\t\t\t\t<div class=\"elementor-swiper\">\n\t\t\t\t\t<div class=\"elementor-slides-wrapper elementor-main-swiper swiper\" role=\"region\" aria-roledescription=\"carousel\" aria-label=\"Slides\" dir=\"ltr\" data-animation=\"fadeInUp\">\n\t\t\t\t<div class=\"swiper-wrapper elementor-slides\">\n\t\t\t\t\t\t\t\t\t\t<div class=\"elementor-repeater-item-0e03e30 swiper-slide\" role=\"group\" aria-roledescription=\"slide\"><div class=\"swiper-slide-bg\" role=\"img\" aria-label=\"WEB-64445342\"><\/div><div class=\"elementor-background-overlay\"><\/div><div class=\"swiper-slide-inner\" ><div class=\"swiper-slide-contents\"><div class=\"elementor-slide-heading\">LE LAC ET LES GORGES DU VERDON<\/div><div class=\"elementor-slide-description\">Avant votre d\u00e9part, retrouvez ici nos derniers conseils pour un voyage r\u00e9ussi !\n<br>Prenez le temps d'explorer notre site et d\u00e9couvrir Iterra Exp\u00e9ditions !<\/div><\/div><\/div><\/div>\t\t\t\t<\/div>\n\t\t\t\t\t\t\t<\/div>\n\t\t\t\t<\/div>\n\t\t\t\t\t\t\t\t<\/div>\n\t\t\t\t<\/div>\n\t\t\t\t\t<\/div>\n\t\t<\/div>\n\t\t\t\t\t<\/div>\n\t\t<\/section>\n\t\t\t\t<section class=\"elementor-section elementor-top-section elementor-element elementor-element-5f2aa484 elementor-section-full_width elementor-section-height-default elementor-section-height-default\" data-id=\"5f2aa484\" data-element_type=\"section\" data-e-type=\"section\">\n\t\t\t\t\t\t<div class=\"elementor-container elementor-column-gap-default\">\n\t\t\t\t\t<div class=\"elementor-column elementor-col-33 elementor-top-column elementor-element elementor-element-6580471b elementor-hidden-tablet elementor-hidden-phone\" data-id=\"6580471b\" data-element_type=\"column\" data-e-type=\"column\">\n\t\t\t<div class=\"elementor-widget-wrap elementor-element-populated\">\n\t\t\t\t\t\t<div class=\"elementor-element elementor-element-caea1e5 elementor-widget elementor-widget-image\" data-id=\"caea1e5\" data-element_type=\"widget\" data-e-type=\"widget\" data-widget_type=\"image.default\">\n\t\t\t\t<div class=\"elementor-widget-container\">\n\t\t\t\t\t\t\t\t\t\t\t\t\t\t\t<img fetchpriority=\"high\" decoding=\"async\" width=\"800\" height=\"533\" src=\"https:\/\/www.gregorybouffenie.com\/wp-content\/uploads\/2021\/07\/WEB-AdobeStock_422166672-1024x682.jpg\" class=\"attachment-large size-large wp-image-1215\" alt=\"\" srcset=\"https:\/\/www.gregorybouffenie.com\/wp-content\/uploads\/2021\/07\/WEB-AdobeStock_422166672-1024x682.jpg 1024w, https:\/\/www.gregorybouffenie.com\/wp-content\/uploads\/2021\/07\/WEB-AdobeStock_422166672-300x200.jpg 300w, https:\/\/www.gregorybouffenie.com\/wp-content\/uploads\/2021\/07\/WEB-AdobeStock_422166672-768x511.jpg 768w, https:\/\/www.gregorybouffenie.com\/wp-content\/uploads\/2021\/07\/WEB-AdobeStock_422166672-600x400.jpg 600w, https:\/\/www.gregorybouffenie.com\/wp-content\/uploads\/2021\/07\/WEB-AdobeStock_422166672.jpg 1200w\" sizes=\"(max-width: 800px) 100vw, 800px\" \/>\t\t\t\t\t\t\t\t\t\t\t\t\t\t\t<\/div>\n\t\t\t\t<\/div>\n\t\t\t\t<div class=\"elementor-element elementor-element-33dc225 elementor-widget elementor-widget-image\" data-id=\"33dc225\" data-element_type=\"widget\" data-e-type=\"widget\" data-widget_type=\"image.default\">\n\t\t\t\t<div class=\"elementor-widget-container\">\n\t\t\t\t\t\t\t\t\t\t\t\t\t\t\t<img decoding=\"async\" width=\"800\" height=\"480\" src=\"https:\/\/www.gregorybouffenie.com\/wp-content\/uploads\/2021\/07\/WEB-AdobeStock_296540024-1024x614.jpg\" class=\"attachment-large size-large wp-image-1214\" alt=\"\" srcset=\"https:\/\/www.gregorybouffenie.com\/wp-content\/uploads\/2021\/07\/WEB-AdobeStock_296540024-1024x614.jpg 1024w, https:\/\/www.gregorybouffenie.com\/wp-content\/uploads\/2021\/07\/WEB-AdobeStock_296540024-300x180.jpg 300w, https:\/\/www.gregorybouffenie.com\/wp-content\/uploads\/2021\/07\/WEB-AdobeStock_296540024-768x461.jpg 768w, https:\/\/www.gregorybouffenie.com\/wp-content\/uploads\/2021\/07\/WEB-AdobeStock_296540024-600x360.jpg 600w, https:\/\/www.gregorybouffenie.com\/wp-content\/uploads\/2021\/07\/WEB-AdobeStock_296540024.jpg 1200w\" sizes=\"(max-width: 800px) 100vw, 800px\" \/>\t\t\t\t\t\t\t\t\t\t\t\t\t\t\t<\/div>\n\t\t\t\t<\/div>\n\t\t\t\t<div class=\"elementor-element elementor-element-49f32ff elementor-widget elementor-widget-image\" data-id=\"49f32ff\" data-element_type=\"widget\" data-e-type=\"widget\" data-widget_type=\"image.default\">\n\t\t\t\t<div class=\"elementor-widget-container\">\n\t\t\t\t\t\t\t\t\t\t\t\t\t\t\t<img decoding=\"async\" width=\"800\" height=\"530\" src=\"https:\/\/www.gregorybouffenie.com\/wp-content\/uploads\/2021\/07\/WEB-AdobeStock_60547851-1024x678.jpg\" class=\"attachment-large size-large wp-image-1211\" alt=\"\" srcset=\"https:\/\/www.gregorybouffenie.com\/wp-content\/uploads\/2021\/07\/WEB-AdobeStock_60547851-1024x678.jpg 1024w, https:\/\/www.gregorybouffenie.com\/wp-content\/uploads\/2021\/07\/WEB-AdobeStock_60547851-300x199.jpg 300w, https:\/\/www.gregorybouffenie.com\/wp-content\/uploads\/2021\/07\/WEB-AdobeStock_60547851-768x509.jpg 768w, https:\/\/www.gregorybouffenie.com\/wp-content\/uploads\/2021\/07\/WEB-AdobeStock_60547851-600x398.jpg 600w, https:\/\/www.gregorybouffenie.com\/wp-content\/uploads\/2021\/07\/WEB-AdobeStock_60547851.jpg 1200w\" sizes=\"(max-width: 800px) 100vw, 800px\" \/>\t\t\t\t\t\t\t\t\t\t\t\t\t\t\t<\/div>\n\t\t\t\t<\/div>\n\t\t\t\t\t<\/div>\n\t\t<\/div>\n\t\t\t\t<div class=\"elementor-column elementor-col-33 elementor-top-column elementor-element elementor-element-32ca18e2\" data-id=\"32ca18e2\" data-element_type=\"column\" data-e-type=\"column\">\n\t\t\t<div class=\"elementor-widget-wrap elementor-element-populated\">\n\t\t\t\t\t\t<div class=\"elementor-element elementor-element-408f3166 elementor-widget elementor-widget-text-editor\" data-id=\"408f3166\" data-element_type=\"widget\" data-e-type=\"widget\" data-widget_type=\"text-editor.default\">\n\t\t\t\t<div class=\"elementor-widget-container\">\n\t\t\t\t\t\t\t\t\t<p><strong>Les gorges du Verdon sont un ensemble de gorges, creus\u00e9 par la rivi\u00e8re Verdon, elles s\u2019\u00e9tendent sur environ 100 km et peuvent aller jusqu\u2019\u00e0 750 m\u00e8tres de hauteur. Le lac de sainte-croix et les gorges du Verdon jouissent d&rsquo;un cadre naturel reposant et inspirant<\/strong> : vous pourrez vous \u00e9merveiller devant le turquoise de l\u2019eau du lac et des gorges, devant la diversit\u00e9 de la faune et de la flore, devant l\u2019immensit\u00e9 des paysages\u2026<\/p><p>Mais pas que ! De nombreuses pratiques sportives s\u2019offrent \u00e0 vous, il vous sera \u00e9galement possible d\u2019effectuer des visites de villages typiques proven\u00e7aux pour d\u00e9couvrir la richesse du patrimoine de ce territoire.<span class=\"Apple-converted-space\">\u00a0<\/span><\/p><p><strong>Pr\u00eat(e)s pour l\u2019aventure ?<\/strong><span class=\"Apple-converted-space\">\u00a0<\/span><\/p><p>Avant de partir, voici quelques conseils qui pourront vous \u00eatre utiles :<\/p><p>Renseignez-vous sur la route \u00e0 emprunter pour vous rendre au point de d\u00e9part de l\u2019exp\u00e9dition si vous venez en voiture, ou pensez \u00e0 r\u00e9server en avance vos moyens de transports pour des tarifs abordables.<span class=\"Apple-converted-space\">\u00a0<\/span><\/p><p>R\u00e9servez votre h\u00e9bergement \u00e0 l\u2019avance ou pr\u00e9voyez en Amont les endroits o\u00f9 vous souhaitez bivouaquer.<span class=\"Apple-converted-space\">\u00a0<\/span><\/p><p>N\u2019h\u00e9sitez pas \u00e0 lire nos articles \u00e0 la page \u00ab\u00a0paroles d\u2019aventurier\u00a0\u00bb si vous souhaitez vous orienter vers une d\u00e9marche plus responsable et respectueuse de l\u2019environnement.<span class=\"Apple-converted-space\">\u00a0<\/span><\/p><p><strong>Avant de boucler votre sac d\u2019aventurier(\u00e8re), jetez un coup d\u2019oeil \u00e0 la m\u00e9t\u00e9o locale pour adapter vos \u00e9quipements et v\u00eatements.<\/strong><\/p>\t\t\t\t\t\t\t\t<\/div>\n\t\t\t\t<\/div>\n\t\t\t\t\t<\/div>\n\t\t<\/div>\n\t\t\t\t<div class=\"elementor-column elementor-col-33 elementor-top-column elementor-element elementor-element-45731944\" data-id=\"45731944\" data-element_type=\"column\" data-e-type=\"column\">\n\t\t\t<div class=\"elementor-widget-wrap elementor-element-populated\">\n\t\t\t\t\t\t<div class=\"elementor-element elementor-element-3d8d5b57 elementor-widget elementor-widget-heading\" data-id=\"3d8d5b57\" data-element_type=\"widget\" data-e-type=\"widget\" data-widget_type=\"heading.default\">\n\t\t\t\t<div class=\"elementor-widget-container\">\n\t\t\t\t\t<h2 class=\"elementor-heading-title elementor-size-default\">Infos pratiques<\/h2>\t\t\t\t<\/div>\n\t\t\t\t<\/div>\n\t\t\t\t<div class=\"elementor-element elementor-element-5143b883 elementor-widget-divider--view-line elementor-widget elementor-widget-divider\" data-id=\"5143b883\" data-element_type=\"widget\" data-e-type=\"widget\" data-widget_type=\"divider.default\">\n\t\t\t\t<div class=\"elementor-widget-container\">\n\t\t\t\t\t\t\t<div class=\"elementor-divider\">\n\t\t\t<span class=\"elementor-divider-separator\">\n\t\t\t\t\t\t<\/span>\n\t\t<\/div>\n\t\t\t\t\t\t<\/div>\n\t\t\t\t<\/div>\n\t\t\t\t<div class=\"elementor-element elementor-element-5e93228e elementor-align-left elementor-widget elementor-widget-button\" data-id=\"5e93228e\" data-element_type=\"widget\" data-e-type=\"widget\" data-widget_type=\"button.default\">\n\t\t\t\t<div class=\"elementor-widget-container\">\n\t\t\t\t\t\t\t\t\t<div class=\"elementor-button-wrapper\">\n\t\t\t\t\t<a class=\"elementor-button elementor-button-link elementor-size-xs\" href=\"https:\/\/www.lachainemeteo.com\/meteo-france\/site-naturel-179\/previsions-meteo-gorges-du-verdon-%28var-et-alpes-de-haute-provence%29-heure-par-heure\" target=\"_blank\">\n\t\t\t\t\t\t<span class=\"elementor-button-content-wrapper\">\n\t\t\t\t\t\t\t\t\t<span class=\"elementor-button-text\">Consulter la m\u00e9t\u00e9o des Gorges<\/span>\n\t\t\t\t\t<\/span>\n\t\t\t\t\t<\/a>\n\t\t\t\t<\/div>\n\t\t\t\t\t\t\t\t<\/div>\n\t\t\t\t<\/div>\n\t\t\t\t<div class=\"elementor-element elementor-element-a762bbc elementor-align-left elementor-widget elementor-widget-button\" data-id=\"a762bbc\" data-element_type=\"widget\" data-e-type=\"widget\" data-widget_type=\"button.default\">\n\t\t\t\t<div class=\"elementor-widget-container\">\n\t\t\t\t\t\t\t\t\t<div class=\"elementor-button-wrapper\">\n\t\t\t\t\t<a class=\"elementor-button elementor-button-link elementor-size-xs\" href=\"https:\/\/www.iterra-expeditions.fr\/\">\n\t\t\t\t\t\t<span class=\"elementor-button-content-wrapper\">\n\t\t\t\t\t\t\t\t\t<span class=\"elementor-button-text\">D\u00e9couvrir Iterra Exp\u00e9ditions<\/span>\n\t\t\t\t\t<\/span>\n\t\t\t\t\t<\/a>\n\t\t\t\t<\/div>\n\t\t\t\t\t\t\t\t<\/div>\n\t\t\t\t<\/div>\n\t\t\t\t\t<\/div>\n\t\t<\/div>\n\t\t\t\t\t<\/div>\n\t\t<\/section>\n\t\t\t\t<\/div>","protected":false},"excerpt":{"rendered":"<p>LE LAC ET LES GORGES DU VERDONAvant votre d\u00e9part, retrouvez ici nos derniers conseils pour un voyage r\u00e9ussi ! Prenez le temps d&rsquo;explorer notre site et d\u00e9couvrir Iterra Exp\u00e9ditions ! Les gorges du Verdon sont un ensemble de gorges, creus\u00e9 par la rivi\u00e8re Verdon, elles s\u2019\u00e9tendent sur environ 100 km et peuvent aller jusqu\u2019\u00e0 750 [&hellip;]<\/p>\n","protected":false},"author":1,"featured_media":0,"parent":0,"menu_order":0,"comment_status":"closed","ping_status":"closed","template":"","meta":{"footnotes":""},"class_list":["post-628","page","type-page","status-publish","hentry"],"yoast_head":"<!-- This site is optimized with the Yoast SEO plugin v26.5 - https:\/\/yoast.com\/wordpress\/plugins\/seo\/ -->\n<title>Verdon - Conseils Iterra Exp\u00e9ditions - Iterra Exp\u00e9ditions - Gregory Bouff\u00e9nie<\/title>\n<meta name=\"robots\" content=\"index, follow, max-snippet:-1, max-image-preview:large, max-video-preview:-1\" \/>\n<link rel=\"canonical\" href=\"https:\/\/www.gregorybouffenie.com\/en\/verdon-conseils-aux-voyageurs\/\" \/>\n<meta property=\"og:locale\" content=\"en_US\" \/>\n<meta property=\"og:type\" content=\"article\" \/>\n<meta property=\"og:title\" content=\"Verdon - Conseils Iterra Exp\u00e9ditions - Iterra Exp\u00e9ditions - Gregory Bouff\u00e9nie\" \/>\n<meta property=\"og:description\" content=\"LE LAC ET LES GORGES DU VERDONAvant votre d\u00e9part, retrouvez ici nos derniers conseils pour un voyage r\u00e9ussi ! Prenez le temps d&rsquo;explorer notre site et d\u00e9couvrir Iterra Exp\u00e9ditions ! Les gorges du Verdon sont un ensemble de gorges, creus\u00e9 par la rivi\u00e8re Verdon, elles s\u2019\u00e9tendent sur environ 100 km et peuvent aller jusqu\u2019\u00e0 750 [&hellip;]\" \/>\n<meta property=\"og:url\" content=\"https:\/\/www.gregorybouffenie.com\/en\/verdon-conseils-aux-voyageurs\/\" \/>\n<meta property=\"og:site_name\" content=\"Iterra Exp\u00e9ditions - Gregory Bouff\u00e9nie\" \/>\n<meta property=\"article:publisher\" content=\"https:\/\/www.instagram.com\/iterra_expeditions\/?hl=fr\" \/>\n<meta property=\"article:modified_time\" content=\"2021-07-15T12:26:17+00:00\" \/>\n<meta property=\"og:image\" content=\"https:\/\/www.iterra-expeditions.fr\/wp-content\/uploads\/2021\/07\/WEB-AdobeStock_422166672-1024x682.jpg\" \/>\n<meta name=\"twitter:card\" content=\"summary_large_image\" \/>\n<meta name=\"twitter:label1\" content=\"Est. reading time\" \/>\n\t<meta name=\"twitter:data1\" content=\"1 minute\" \/>\n<script type=\"application\/ld+json\" class=\"yoast-schema-graph\">{\"@context\":\"https:\/\/schema.org\",\"@graph\":[{\"@type\":\"WebPage\",\"@id\":\"https:\/\/www.gregorybouffenie.com\/verdon-conseils-aux-voyageurs\/\",\"url\":\"https:\/\/www.gregorybouffenie.com\/verdon-conseils-aux-voyageurs\/\",\"name\":\"Verdon - Conseils Iterra Exp\u00e9ditions - Iterra Exp\u00e9ditions - Gregory Bouff\u00e9nie\",\"isPartOf\":{\"@id\":\"https:\/\/www.gregorybouffenie.com\/#website\"},\"primaryImageOfPage\":{\"@id\":\"https:\/\/www.gregorybouffenie.com\/verdon-conseils-aux-voyageurs\/#primaryimage\"},\"image\":{\"@id\":\"https:\/\/www.gregorybouffenie.com\/verdon-conseils-aux-voyageurs\/#primaryimage\"},\"thumbnailUrl\":\"https:\/\/www.iterra-expeditions.fr\/wp-content\/uploads\/2021\/07\/WEB-AdobeStock_422166672-1024x682.jpg\",\"datePublished\":\"2021-06-24T15:11:14+00:00\",\"dateModified\":\"2021-07-15T12:26:17+00:00\",\"breadcrumb\":{\"@id\":\"https:\/\/www.gregorybouffenie.com\/verdon-conseils-aux-voyageurs\/#breadcrumb\"},\"inLanguage\":\"en-US\",\"potentialAction\":[{\"@type\":\"ReadAction\",\"target\":[\"https:\/\/www.gregorybouffenie.com\/verdon-conseils-aux-voyageurs\/\"]}]},{\"@type\":\"ImageObject\",\"inLanguage\":\"en-US\",\"@id\":\"https:\/\/www.gregorybouffenie.com\/verdon-conseils-aux-voyageurs\/#primaryimage\",\"url\":\"https:\/\/www.iterra-expeditions.fr\/wp-content\/uploads\/2021\/07\/WEB-AdobeStock_422166672-1024x682.jpg\",\"contentUrl\":\"https:\/\/www.iterra-expeditions.fr\/wp-content\/uploads\/2021\/07\/WEB-AdobeStock_422166672-1024x682.jpg\"},{\"@type\":\"BreadcrumbList\",\"@id\":\"https:\/\/www.gregorybouffenie.com\/verdon-conseils-aux-voyageurs\/#breadcrumb\",\"itemListElement\":[{\"@type\":\"ListItem\",\"position\":1,\"name\":\"Accueil\",\"item\":\"https:\/\/www.gregorybouffenie.com\/\"},{\"@type\":\"ListItem\",\"position\":2,\"name\":\"Verdon &#8211; Conseils Iterra Exp\u00e9ditions\"}]},{\"@type\":\"WebSite\",\"@id\":\"https:\/\/www.gregorybouffenie.com\/#website\",\"url\":\"https:\/\/www.gregorybouffenie.com\/\",\"name\":\"Iterra Exp\u00e9ditions - Gregory Bouff\u00e9nie\",\"description\":\"Pr\u00eat pour l&#039;aventure ?\",\"publisher\":{\"@id\":\"https:\/\/www.gregorybouffenie.com\/#organization\"},\"potentialAction\":[{\"@type\":\"SearchAction\",\"target\":{\"@type\":\"EntryPoint\",\"urlTemplate\":\"https:\/\/www.gregorybouffenie.com\/?s={search_term_string}\"},\"query-input\":{\"@type\":\"PropertyValueSpecification\",\"valueRequired\":true,\"valueName\":\"search_term_string\"}}],\"inLanguage\":\"en-US\"},{\"@type\":\"Organization\",\"@id\":\"https:\/\/www.gregorybouffenie.com\/#organization\",\"name\":\"Iterra Exp\u00e9ditions\",\"url\":\"https:\/\/www.gregorybouffenie.com\/\",\"logo\":{\"@type\":\"ImageObject\",\"inLanguage\":\"en-US\",\"@id\":\"https:\/\/www.gregorybouffenie.com\/#\/schema\/logo\/image\/\",\"url\":\"https:\/\/www.gregorybouffenie.com\/wp-content\/uploads\/2021\/06\/00-LOGO-ITERRA-R-NOIR.png\",\"contentUrl\":\"https:\/\/www.gregorybouffenie.com\/wp-content\/uploads\/2021\/06\/00-LOGO-ITERRA-R-NOIR.png\",\"width\":800,\"height\":332,\"caption\":\"Iterra Exp\u00e9ditions\"},\"image\":{\"@id\":\"https:\/\/www.gregorybouffenie.com\/#\/schema\/logo\/image\/\"},\"sameAs\":[\"https:\/\/www.instagram.com\/iterra_expeditions\/?hl=fr\"]}]}<\/script>\n<!-- \/ Yoast SEO plugin. -->","yoast_head_json":{"title":"Verdon - Conseils Iterra Exp\u00e9ditions - Iterra Exp\u00e9ditions - Gregory Bouff\u00e9nie","robots":{"index":"index","follow":"follow","max-snippet":"max-snippet:-1","max-image-preview":"max-image-preview:large","max-video-preview":"max-video-preview:-1"},"canonical":"https:\/\/www.gregorybouffenie.com\/en\/verdon-conseils-aux-voyageurs\/","og_locale":"en_US","og_type":"article","og_title":"Verdon - Conseils Iterra Exp\u00e9ditions - Iterra Exp\u00e9ditions - Gregory Bouff\u00e9nie","og_description":"LE LAC ET LES GORGES DU VERDONAvant votre d\u00e9part, retrouvez ici nos derniers conseils pour un voyage r\u00e9ussi ! Prenez le temps d&rsquo;explorer notre site et d\u00e9couvrir Iterra Exp\u00e9ditions ! Les gorges du Verdon sont un ensemble de gorges, creus\u00e9 par la rivi\u00e8re Verdon, elles s\u2019\u00e9tendent sur environ 100 km et peuvent aller jusqu\u2019\u00e0 750 [&hellip;]","og_url":"https:\/\/www.gregorybouffenie.com\/en\/verdon-conseils-aux-voyageurs\/","og_site_name":"Iterra Exp\u00e9ditions - Gregory Bouff\u00e9nie","article_publisher":"https:\/\/www.instagram.com\/iterra_expeditions\/?hl=fr","article_modified_time":"2021-07-15T12:26:17+00:00","og_image":[{"url":"https:\/\/www.iterra-expeditions.fr\/wp-content\/uploads\/2021\/07\/WEB-AdobeStock_422166672-1024x682.jpg","type":"","width":"","height":""}],"twitter_card":"summary_large_image","twitter_misc":{"Est. reading time":"1 minute"},"schema":{"@context":"https:\/\/schema.org","@graph":[{"@type":"WebPage","@id":"https:\/\/www.gregorybouffenie.com\/verdon-conseils-aux-voyageurs\/","url":"https:\/\/www.gregorybouffenie.com\/verdon-conseils-aux-voyageurs\/","name":"Verdon - Conseils Iterra Exp\u00e9ditions - Iterra Exp\u00e9ditions - Gregory Bouff\u00e9nie","isPartOf":{"@id":"https:\/\/www.gregorybouffenie.com\/#website"},"primaryImageOfPage":{"@id":"https:\/\/www.gregorybouffenie.com\/verdon-conseils-aux-voyageurs\/#primaryimage"},"image":{"@id":"https:\/\/www.gregorybouffenie.com\/verdon-conseils-aux-voyageurs\/#primaryimage"},"thumbnailUrl":"https:\/\/www.iterra-expeditions.fr\/wp-content\/uploads\/2021\/07\/WEB-AdobeStock_422166672-1024x682.jpg","datePublished":"2021-06-24T15:11:14+00:00","dateModified":"2021-07-15T12:26:17+00:00","breadcrumb":{"@id":"https:\/\/www.gregorybouffenie.com\/verdon-conseils-aux-voyageurs\/#breadcrumb"},"inLanguage":"en-US","potentialAction":[{"@type":"ReadAction","target":["https:\/\/www.gregorybouffenie.com\/verdon-conseils-aux-voyageurs\/"]}]},{"@type":"ImageObject","inLanguage":"en-US","@id":"https:\/\/www.gregorybouffenie.com\/verdon-conseils-aux-voyageurs\/#primaryimage","url":"https:\/\/www.iterra-expeditions.fr\/wp-content\/uploads\/2021\/07\/WEB-AdobeStock_422166672-1024x682.jpg","contentUrl":"https:\/\/www.iterra-expeditions.fr\/wp-content\/uploads\/2021\/07\/WEB-AdobeStock_422166672-1024x682.jpg"},{"@type":"BreadcrumbList","@id":"https:\/\/www.gregorybouffenie.com\/verdon-conseils-aux-voyageurs\/#breadcrumb","itemListElement":[{"@type":"ListItem","position":1,"name":"Accueil","item":"https:\/\/www.gregorybouffenie.com\/"},{"@type":"ListItem","position":2,"name":"Verdon &#8211; Conseils Iterra Exp\u00e9ditions"}]},{"@type":"WebSite","@id":"https:\/\/www.gregorybouffenie.com\/#website","url":"https:\/\/www.gregorybouffenie.com\/","name":"Iterra Exp\u00e9ditions - Gregory Bouff\u00e9nie","description":"Pr\u00eat pour l&#039;aventure ?","publisher":{"@id":"https:\/\/www.gregorybouffenie.com\/#organization"},"potentialAction":[{"@type":"SearchAction","target":{"@type":"EntryPoint","urlTemplate":"https:\/\/www.gregorybouffenie.com\/?s={search_term_string}"},"query-input":{"@type":"PropertyValueSpecification","valueRequired":true,"valueName":"search_term_string"}}],"inLanguage":"en-US"},{"@type":"Organization","@id":"https:\/\/www.gregorybouffenie.com\/#organization","name":"Iterra Expeditions","url":"https:\/\/www.gregorybouffenie.com\/","logo":{"@type":"ImageObject","inLanguage":"en-US","@id":"https:\/\/www.gregorybouffenie.com\/#\/schema\/logo\/image\/","url":"https:\/\/www.gregorybouffenie.com\/wp-content\/uploads\/2021\/06\/00-LOGO-ITERRA-R-NOIR.png","contentUrl":"https:\/\/www.gregorybouffenie.com\/wp-content\/uploads\/2021\/06\/00-LOGO-ITERRA-R-NOIR.png","width":800,"height":332,"caption":"Iterra Exp\u00e9ditions"},"image":{"@id":"https:\/\/www.gregorybouffenie.com\/#\/schema\/logo\/image\/"},"sameAs":["https:\/\/www.instagram.com\/iterra_expeditions\/?hl=fr"]}]}},"_links":{"self":[{"href":"https:\/\/www.gregorybouffenie.com\/en\/wp-json\/wp\/v2\/pages\/628","targetHints":{"allow":["GET"]}}],"collection":[{"href":"https:\/\/www.gregorybouffenie.com\/en\/wp-json\/wp\/v2\/pages"}],"about":[{"href":"https:\/\/www.gregorybouffenie.com\/en\/wp-json\/wp\/v2\/types\/page"}],"author":[{"embeddable":true,"href":"https:\/\/www.gregorybouffenie.com\/en\/wp-json\/wp\/v2\/users\/1"}],"replies":[{"embeddable":true,"href":"https:\/\/www.gregorybouffenie.com\/en\/wp-json\/wp\/v2\/comments?post=628"}],"version-history":[{"count":20,"href":"https:\/\/www.gregorybouffenie.com\/en\/wp-json\/wp\/v2\/pages\/628\/revisions"}],"predecessor-version":[{"id":1229,"href":"https:\/\/www.gregorybouffenie.com\/en\/wp-json\/wp\/v2\/pages\/628\/revisions\/1229"}],"wp:attachment":[{"href":"https:\/\/www.gregorybouffenie.com\/en\/wp-json\/wp\/v2\/media?parent=628"}],"curies":[{"name":"wp","href":"https:\/\/api.w.org\/{rel}","templated":true}]}}