{"id":2187,"date":"2025-10-16T15:41:08","date_gmt":"2025-10-16T13:41:08","guid":{"rendered":"https:\/\/www.gregorybouffenie.com\/?page_id=2187"},"modified":"2025-10-16T16:22:09","modified_gmt":"2025-10-16T14:22:09","slug":"home-new-test","status":"publish","type":"page","link":"https:\/\/www.gregorybouffenie.com\/en\/home-new-test\/","title":{"rendered":"Home New Test"},"content":{"rendered":"<div data-elementor-type=\"wp-page\" data-elementor-id=\"2187\" class=\"elementor elementor-2187\" data-elementor-post-type=\"page\">\n\t\t\t\t\t\t<section class=\"elementor-section elementor-top-section elementor-element elementor-element-8bbceb9 elementor-section-height-min-height bg-gradient elementor-section-boxed elementor-section-height-default elementor-section-items-middle\" data-id=\"8bbceb9\" data-element_type=\"section\" data-e-type=\"section\">\n\t\t\t\t\t\t<div class=\"elementor-container elementor-column-gap-default\">\n\t\t\t\t\t<div class=\"elementor-column elementor-col-50 elementor-top-column elementor-element elementor-element-21896f8\" data-id=\"21896f8\" data-element_type=\"column\" data-e-type=\"column\">\n\t\t\t<div class=\"elementor-widget-wrap elementor-element-populated\">\n\t\t\t\t\t\t<div class=\"elementor-element elementor-element-de4d1c9 elementor-widget elementor-widget-heading\" data-id=\"de4d1c9\" data-element_type=\"widget\" data-e-type=\"widget\" data-widget_type=\"heading.default\">\n\t\t\t\t<div class=\"elementor-widget-container\">\n\t\t\t\t\t<h2 class=\"elementor-heading-title elementor-size-default\">Ajoutez votre titre ici<\/h2>\t\t\t\t<\/div>\n\t\t\t\t<\/div>\n\t\t\t\t\t<\/div>\n\t\t<\/div>\n\t\t\t\t<div class=\"elementor-column elementor-col-50 elementor-top-column elementor-element elementor-element-1d9d7d0\" data-id=\"1d9d7d0\" data-element_type=\"column\" data-e-type=\"column\">\n\t\t\t<div class=\"elementor-widget-wrap elementor-element-populated\">\n\t\t\t\t\t\t<section class=\"elementor-section elementor-inner-section elementor-element elementor-element-60540a1 elementor-section-boxed elementor-section-height-default elementor-section-height-default\" data-id=\"60540a1\" data-element_type=\"section\" data-e-type=\"section\">\n\t\t\t\t\t\t<div class=\"elementor-container elementor-column-gap-default\">\n\t\t\t\t\t<div class=\"elementor-column elementor-col-100 elementor-inner-column elementor-element elementor-element-9d3f4ae\" data-id=\"9d3f4ae\" data-element_type=\"column\" data-e-type=\"column\">\n\t\t\t<div class=\"elementor-widget-wrap\">\n\t\t\t\t\t\t\t<\/div>\n\t\t<\/div>\n\t\t\t\t\t<\/div>\n\t\t<\/section>\n\t\t\t\t<section class=\"elementor-section elementor-inner-section elementor-element elementor-element-59585de elementor-section-boxed elementor-section-height-default elementor-section-height-default\" data-id=\"59585de\" data-element_type=\"section\" data-e-type=\"section\">\n\t\t\t\t\t\t<div class=\"elementor-container elementor-column-gap-default\">\n\t\t\t\t\t<div class=\"elementor-column elementor-col-100 elementor-inner-column elementor-element elementor-element-fcb5e53\" data-id=\"fcb5e53\" data-element_type=\"column\" data-e-type=\"column\">\n\t\t\t<div class=\"elementor-widget-wrap\">\n\t\t\t\t\t\t\t<\/div>\n\t\t<\/div>\n\t\t\t\t\t<\/div>\n\t\t<\/section>\n\t\t\t\t\t<\/div>\n\t\t<\/div>\n\t\t\t\t\t<\/div>\n\t\t<\/section>\n\t\t\t\t<\/div>","protected":false},"excerpt":{"rendered":"<p>Ajoutez votre titre ici<\/p>","protected":false},"author":1,"featured_media":0,"parent":0,"menu_order":0,"comment_status":"closed","ping_status":"closed","template":"elementor_header_footer","meta":{"footnotes":""},"class_list":["post-2187","page","type-page","status-publish","hentry"],"yoast_head":"<!-- This site is optimized with the Yoast SEO plugin v26.5 - https:\/\/yoast.com\/wordpress\/plugins\/seo\/ -->\n<title>Home New Test - Iterra Exp\u00e9ditions - Gregory Bouff\u00e9nie<\/title>\n<meta name=\"robots\" content=\"index, follow, max-snippet:-1, max-image-preview:large, max-video-preview:-1\" \/>\n<link rel=\"canonical\" href=\"https:\/\/www.gregorybouffenie.com\/en\/home-new-test\/\" \/>\n<meta property=\"og:locale\" content=\"en_US\" \/>\n<meta property=\"og:type\" content=\"article\" \/>\n<meta property=\"og:title\" content=\"Home New Test - Iterra Exp\u00e9ditions - Gregory Bouff\u00e9nie\" \/>\n<meta property=\"og:description\" content=\"Ajoutez votre titre ici\" \/>\n<meta property=\"og:url\" content=\"https:\/\/www.gregorybouffenie.com\/en\/home-new-test\/\" \/>\n<meta property=\"og:site_name\" content=\"Iterra Exp\u00e9ditions - Gregory Bouff\u00e9nie\" \/>\n<meta property=\"article:publisher\" content=\"https:\/\/www.instagram.com\/iterra_expeditions\/?hl=fr\" \/>\n<meta property=\"article:modified_time\" content=\"2025-10-16T14:22:09+00:00\" \/>\n<meta property=\"og:image\" content=\"https:\/\/www.gregorybouffenie.com\/wp-content\/uploads\/2024\/05\/W-photo-IMMERSION.jpg\" \/>\n<meta name=\"twitter:card\" content=\"summary_large_image\" \/>\n<script type=\"application\/ld+json\" class=\"yoast-schema-graph\">{\"@context\":\"https:\/\/schema.org\",\"@graph\":[{\"@type\":\"WebPage\",\"@id\":\"https:\/\/www.gregorybouffenie.com\/home-new-test\/\",\"url\":\"https:\/\/www.gregorybouffenie.com\/home-new-test\/\",\"name\":\"Home New Test - Iterra Exp\u00e9ditions - Gregory Bouff\u00e9nie\",\"isPartOf\":{\"@id\":\"https:\/\/www.gregorybouffenie.com\/#website\"},\"primaryImageOfPage\":{\"@id\":\"https:\/\/www.gregorybouffenie.com\/home-new-test\/#primaryimage\"},\"image\":{\"@id\":\"https:\/\/www.gregorybouffenie.com\/home-new-test\/#primaryimage\"},\"thumbnailUrl\":\"https:\/\/www.gregorybouffenie.com\/wp-content\/uploads\/2024\/05\/W-photo-IMMERSION.jpg\",\"datePublished\":\"2025-10-16T13:41:08+00:00\",\"dateModified\":\"2025-10-16T14:22:09+00:00\",\"breadcrumb\":{\"@id\":\"https:\/\/www.gregorybouffenie.com\/home-new-test\/#breadcrumb\"},\"inLanguage\":\"en-US\",\"potentialAction\":[{\"@type\":\"ReadAction\",\"target\":[\"https:\/\/www.gregorybouffenie.com\/home-new-test\/\"]}]},{\"@type\":\"ImageObject\",\"inLanguage\":\"en-US\",\"@id\":\"https:\/\/www.gregorybouffenie.com\/home-new-test\/#primaryimage\",\"url\":\"https:\/\/www.gregorybouffenie.com\/wp-content\/uploads\/2024\/05\/W-photo-IMMERSION.jpg\",\"contentUrl\":\"https:\/\/www.gregorybouffenie.com\/wp-content\/uploads\/2024\/05\/W-photo-IMMERSION.jpg\"},{\"@type\":\"BreadcrumbList\",\"@id\":\"https:\/\/www.gregorybouffenie.com\/home-new-test\/#breadcrumb\",\"itemListElement\":[{\"@type\":\"ListItem\",\"position\":1,\"name\":\"Accueil\",\"item\":\"https:\/\/www.gregorybouffenie.com\/\"},{\"@type\":\"ListItem\",\"position\":2,\"name\":\"Home New Test\"}]},{\"@type\":\"WebSite\",\"@id\":\"https:\/\/www.gregorybouffenie.com\/#website\",\"url\":\"https:\/\/www.gregorybouffenie.com\/\",\"name\":\"Iterra Exp\u00e9ditions - Gregory Bouff\u00e9nie\",\"description\":\"Pr\u00eat pour l&#039;aventure ?\",\"publisher\":{\"@id\":\"https:\/\/www.gregorybouffenie.com\/#organization\"},\"potentialAction\":[{\"@type\":\"SearchAction\",\"target\":{\"@type\":\"EntryPoint\",\"urlTemplate\":\"https:\/\/www.gregorybouffenie.com\/?s={search_term_string}\"},\"query-input\":{\"@type\":\"PropertyValueSpecification\",\"valueRequired\":true,\"valueName\":\"search_term_string\"}}],\"inLanguage\":\"en-US\"},{\"@type\":\"Organization\",\"@id\":\"https:\/\/www.gregorybouffenie.com\/#organization\",\"name\":\"Iterra Exp\u00e9ditions\",\"url\":\"https:\/\/www.gregorybouffenie.com\/\",\"logo\":{\"@type\":\"ImageObject\",\"inLanguage\":\"en-US\",\"@id\":\"https:\/\/www.gregorybouffenie.com\/#\/schema\/logo\/image\/\",\"url\":\"https:\/\/www.gregorybouffenie.com\/wp-content\/uploads\/2021\/06\/00-LOGO-ITERRA-R-NOIR.png\",\"contentUrl\":\"https:\/\/www.gregorybouffenie.com\/wp-content\/uploads\/2021\/06\/00-LOGO-ITERRA-R-NOIR.png\",\"width\":800,\"height\":332,\"caption\":\"Iterra Exp\u00e9ditions\"},\"image\":{\"@id\":\"https:\/\/www.gregorybouffenie.com\/#\/schema\/logo\/image\/\"},\"sameAs\":[\"https:\/\/www.instagram.com\/iterra_expeditions\/?hl=fr\"]}]}<\/script>\n<!-- \/ Yoast SEO plugin. -->","yoast_head_json":{"title":"Home New Test - Iterra Exp\u00e9ditions - Gregory Bouff\u00e9nie","robots":{"index":"index","follow":"follow","max-snippet":"max-snippet:-1","max-image-preview":"max-image-preview:large","max-video-preview":"max-video-preview:-1"},"canonical":"https:\/\/www.gregorybouffenie.com\/en\/home-new-test\/","og_locale":"en_US","og_type":"article","og_title":"Home New Test - Iterra Exp\u00e9ditions - Gregory Bouff\u00e9nie","og_description":"Ajoutez votre titre ici","og_url":"https:\/\/www.gregorybouffenie.com\/en\/home-new-test\/","og_site_name":"Iterra Exp\u00e9ditions - Gregory Bouff\u00e9nie","article_publisher":"https:\/\/www.instagram.com\/iterra_expeditions\/?hl=fr","article_modified_time":"2025-10-16T14:22:09+00:00","og_image":[{"url":"https:\/\/www.gregorybouffenie.com\/wp-content\/uploads\/2024\/05\/W-photo-IMMERSION.jpg","type":"","width":"","height":""}],"twitter_card":"summary_large_image","schema":{"@context":"https:\/\/schema.org","@graph":[{"@type":"WebPage","@id":"https:\/\/www.gregorybouffenie.com\/home-new-test\/","url":"https:\/\/www.gregorybouffenie.com\/home-new-test\/","name":"Home New Test - Iterra Exp\u00e9ditions - Gregory Bouff\u00e9nie","isPartOf":{"@id":"https:\/\/www.gregorybouffenie.com\/#website"},"primaryImageOfPage":{"@id":"https:\/\/www.gregorybouffenie.com\/home-new-test\/#primaryimage"},"image":{"@id":"https:\/\/www.gregorybouffenie.com\/home-new-test\/#primaryimage"},"thumbnailUrl":"https:\/\/www.gregorybouffenie.com\/wp-content\/uploads\/2024\/05\/W-photo-IMMERSION.jpg","datePublished":"2025-10-16T13:41:08+00:00","dateModified":"2025-10-16T14:22:09+00:00","breadcrumb":{"@id":"https:\/\/www.gregorybouffenie.com\/home-new-test\/#breadcrumb"},"inLanguage":"en-US","potentialAction":[{"@type":"ReadAction","target":["https:\/\/www.gregorybouffenie.com\/home-new-test\/"]}]},{"@type":"ImageObject","inLanguage":"en-US","@id":"https:\/\/www.gregorybouffenie.com\/home-new-test\/#primaryimage","url":"https:\/\/www.gregorybouffenie.com\/wp-content\/uploads\/2024\/05\/W-photo-IMMERSION.jpg","contentUrl":"https:\/\/www.gregorybouffenie.com\/wp-content\/uploads\/2024\/05\/W-photo-IMMERSION.jpg"},{"@type":"BreadcrumbList","@id":"https:\/\/www.gregorybouffenie.com\/home-new-test\/#breadcrumb","itemListElement":[{"@type":"ListItem","position":1,"name":"Accueil","item":"https:\/\/www.gregorybouffenie.com\/"},{"@type":"ListItem","position":2,"name":"Home New Test"}]},{"@type":"WebSite","@id":"https:\/\/www.gregorybouffenie.com\/#website","url":"https:\/\/www.gregorybouffenie.com\/","name":"Iterra Exp\u00e9ditions - Gregory Bouff\u00e9nie","description":"Pr\u00eat pour l&#039;aventure ?","publisher":{"@id":"https:\/\/www.gregorybouffenie.com\/#organization"},"potentialAction":[{"@type":"SearchAction","target":{"@type":"EntryPoint","urlTemplate":"https:\/\/www.gregorybouffenie.com\/?s={search_term_string}"},"query-input":{"@type":"PropertyValueSpecification","valueRequired":true,"valueName":"search_term_string"}}],"inLanguage":"en-US"},{"@type":"Organization","@id":"https:\/\/www.gregorybouffenie.com\/#organization","name":"Iterra Expeditions","url":"https:\/\/www.gregorybouffenie.com\/","logo":{"@type":"ImageObject","inLanguage":"en-US","@id":"https:\/\/www.gregorybouffenie.com\/#\/schema\/logo\/image\/","url":"https:\/\/www.gregorybouffenie.com\/wp-content\/uploads\/2021\/06\/00-LOGO-ITERRA-R-NOIR.png","contentUrl":"https:\/\/www.gregorybouffenie.com\/wp-content\/uploads\/2021\/06\/00-LOGO-ITERRA-R-NOIR.png","width":800,"height":332,"caption":"Iterra Exp\u00e9ditions"},"image":{"@id":"https:\/\/www.gregorybouffenie.com\/#\/schema\/logo\/image\/"},"sameAs":["https:\/\/www.instagram.com\/iterra_expeditions\/?hl=fr"]}]}},"_links":{"self":[{"href":"https:\/\/www.gregorybouffenie.com\/en\/wp-json\/wp\/v2\/pages\/2187","targetHints":{"allow":["GET"]}}],"collection":[{"href":"https:\/\/www.gregorybouffenie.com\/en\/wp-json\/wp\/v2\/pages"}],"about":[{"href":"https:\/\/www.gregorybouffenie.com\/en\/wp-json\/wp\/v2\/types\/page"}],"author":[{"embeddable":true,"href":"https:\/\/www.gregorybouffenie.com\/en\/wp-json\/wp\/v2\/users\/1"}],"replies":[{"embeddable":true,"href":"https:\/\/www.gregorybouffenie.com\/en\/wp-json\/wp\/v2\/comments?post=2187"}],"version-history":[{"count":43,"href":"https:\/\/www.gregorybouffenie.com\/en\/wp-json\/wp\/v2\/pages\/2187\/revisions"}],"predecessor-version":[{"id":2241,"href":"https:\/\/www.gregorybouffenie.com\/en\/wp-json\/wp\/v2\/pages\/2187\/revisions\/2241"}],"wp:attachment":[{"href":"https:\/\/www.gregorybouffenie.com\/en\/wp-json\/wp\/v2\/media?parent=2187"}],"curies":[{"name":"wp","href":"https:\/\/api.w.org\/{rel}","templated":true}]}}