{"id":2172,"date":"2024-05-01T10:38:49","date_gmt":"2024-05-01T08:38:49","guid":{"rendered":"https:\/\/www.gregorybouffenie.com\/?page_id=2172"},"modified":"2024-05-01T10:52:29","modified_gmt":"2024-05-01T08:52:29","slug":"immersion","status":"publish","type":"page","link":"https:\/\/www.gregorybouffenie.com\/en\/immersion\/","title":{"rendered":"Immersion"},"content":{"rendered":"\t\t<div data-elementor-type=\"wp-page\" data-elementor-id=\"2172\" class=\"elementor elementor-2172\" data-elementor-post-type=\"page\">\n\t\t\t\t\t\t<section class=\"elementor-section elementor-top-section elementor-element elementor-element-eea6df5 elementor-section-full_width elementor-section-height-default elementor-section-height-default\" data-id=\"eea6df5\" data-element_type=\"section\" data-e-type=\"section\">\n\t\t\t\t\t\t<div class=\"elementor-container elementor-column-gap-default\">\n\t\t\t\t\t<div class=\"elementor-column elementor-col-100 elementor-top-column elementor-element elementor-element-4905a90\" data-id=\"4905a90\" data-element_type=\"column\" data-e-type=\"column\">\n\t\t\t<div class=\"elementor-widget-wrap elementor-element-populated\">\n\t\t\t\t\t\t<div class=\"elementor-element elementor-element-31d7fa7 elementor--h-position-center elementor--v-position-middle elementor-arrows-position-inside elementor-widget elementor-widget-slides\" data-id=\"31d7fa7\" data-element_type=\"widget\" data-e-type=\"widget\" data-settings=\"{&quot;navigation&quot;:&quot;arrows&quot;,&quot;autoplay_speed&quot;:8000,&quot;autoplay&quot;:&quot;yes&quot;,&quot;pause_on_hover&quot;:&quot;yes&quot;,&quot;pause_on_interaction&quot;:&quot;yes&quot;,&quot;infinite&quot;:&quot;yes&quot;,&quot;transition&quot;:&quot;slide&quot;,&quot;transition_speed&quot;:500}\" data-widget_type=\"slides.default\">\n\t\t\t\t<div class=\"elementor-widget-container\">\n\t\t\t\t\t\t\t\t\t<div class=\"elementor-swiper\">\n\t\t\t\t\t<div class=\"elementor-slides-wrapper elementor-main-swiper swiper\" role=\"region\" aria-roledescription=\"carousel\" aria-label=\"Slides\" dir=\"ltr\" data-animation=\"fadeInUp\">\n\t\t\t\t<div class=\"swiper-wrapper elementor-slides\">\n\t\t\t\t\t\t\t\t\t\t<div class=\"elementor-repeater-item-7c021d2 swiper-slide\" role=\"group\" aria-roledescription=\"slide\"><div class=\"swiper-slide-bg\" role=\"img\" aria-label=\"W-photo-IMMERSION\"><\/div><a class=\"swiper-slide-inner\" href=\"#iterra-expeditions\"><div class=\"swiper-slide-contents\"><div class=\"elementor-slide-heading\">Immersion<\/div><\/div><\/a><\/div>\t\t\t\t<\/div>\n\t\t\t\t\t\t\t<\/div>\n\t\t\t\t<\/div>\n\t\t\t\t\t\t\t\t<\/div>\n\t\t\t\t<\/div>\n\t\t\t\t\t<\/div>\n\t\t<\/div>\n\t\t\t\t\t<\/div>\n\t\t<\/section>\n\t\t\t\t<section class=\"elementor-section elementor-top-section elementor-element elementor-element-4fa6c1ac elementor-section-full_width elementor-hidden-tablet elementor-hidden-phone elementor-hidden-desktop elementor-section-height-default elementor-section-height-default\" data-id=\"4fa6c1ac\" data-element_type=\"section\" data-e-type=\"section\" data-settings=\"{&quot;background_background&quot;:&quot;classic&quot;}\">\n\t\t\t\t\t\t<div class=\"elementor-container elementor-column-gap-default\">\n\t\t\t\t\t<div class=\"elementor-column elementor-col-33 elementor-top-column elementor-element elementor-element-1b01d29a\" data-id=\"1b01d29a\" data-element_type=\"column\" data-e-type=\"column\">\n\t\t\t<div class=\"elementor-widget-wrap\">\n\t\t\t\t\t\t\t<\/div>\n\t\t<\/div>\n\t\t\t\t<div class=\"elementor-column elementor-col-33 elementor-top-column elementor-element elementor-element-6c7cbd2c\" data-id=\"6c7cbd2c\" data-element_type=\"column\" data-e-type=\"column\">\n\t\t\t<div class=\"elementor-widget-wrap\">\n\t\t\t\t\t\t\t<\/div>\n\t\t<\/div>\n\t\t\t\t<div class=\"elementor-column elementor-col-33 elementor-top-column elementor-element elementor-element-8a77481\" data-id=\"8a77481\" data-element_type=\"column\" data-e-type=\"column\">\n\t\t\t<div class=\"elementor-widget-wrap elementor-element-populated\">\n\t\t\t\t\t\t<div class=\"elementor-element elementor-element-2c861986 elementor-widget elementor-widget-spacer\" data-id=\"2c861986\" data-element_type=\"widget\" data-e-type=\"widget\" data-widget_type=\"spacer.default\">\n\t\t\t\t<div class=\"elementor-widget-container\">\n\t\t\t\t\t\t\t<div class=\"elementor-spacer\">\n\t\t\t<div class=\"elementor-spacer-inner\"><\/div>\n\t\t<\/div>\n\t\t\t\t\t\t<\/div>\n\t\t\t\t<\/div>\n\t\t\t\t<div class=\"elementor-element elementor-element-55265750 elementor-widget elementor-widget-heading\" data-id=\"55265750\" data-element_type=\"widget\" data-e-type=\"widget\" data-widget_type=\"heading.default\">\n\t\t\t\t<div class=\"elementor-widget-container\">\n\t\t\t\t\t<h2 class=\"elementor-heading-title elementor-size-default\">C\u2019est bon pour le moral... <br>\nEt pour la sant\u00e9 ! <br>\nMais aussi pour la s\u00e9r\u00e9nit\u00e9, la confiance, la joie de vivre, l\u2019ouverture, l\u2019\u00e9quilibre, le partage, l\u2019essentiel... <br>Votre chien et vos fesses !<\/h2>\t\t\t\t<\/div>\n\t\t\t\t<\/div>\n\t\t\t\t<div class=\"elementor-element elementor-element-2a675581 elementor-widget elementor-widget-spacer\" data-id=\"2a675581\" data-element_type=\"widget\" data-e-type=\"widget\" data-widget_type=\"spacer.default\">\n\t\t\t\t<div class=\"elementor-widget-container\">\n\t\t\t\t\t\t\t<div class=\"elementor-spacer\">\n\t\t\t<div class=\"elementor-spacer-inner\"><\/div>\n\t\t<\/div>\n\t\t\t\t\t\t<\/div>\n\t\t\t\t<\/div>\n\t\t\t\t\t<\/div>\n\t\t<\/div>\n\t\t\t\t\t<\/div>\n\t\t<\/section>\n\t\t\t\t<section class=\"elementor-section elementor-top-section elementor-element elementor-element-3873bac elementor-section-boxed elementor-section-height-default elementor-section-height-default\" data-id=\"3873bac\" data-element_type=\"section\" data-e-type=\"section\">\n\t\t\t\t\t\t<div class=\"elementor-container elementor-column-gap-default\">\n\t\t\t\t\t<div class=\"elementor-column elementor-col-100 elementor-top-column elementor-element elementor-element-e1ff674\" data-id=\"e1ff674\" data-element_type=\"column\" data-e-type=\"column\">\n\t\t\t<div class=\"elementor-widget-wrap elementor-element-populated\">\n\t\t\t\t\t\t<div class=\"elementor-element elementor-element-bc6f184 elementor-widget elementor-widget-text-editor\" data-id=\"bc6f184\" data-element_type=\"widget\" data-e-type=\"widget\" data-widget_type=\"text-editor.default\">\n\t\t\t\t<div class=\"elementor-widget-container\">\n\t\t\t\t\t\t\t\t\t<p>Suivez-moi, je vous emm\u00e8ne en conditions r\u00e9elles, dans les traces de mon exp\u00e9dition !<\/p>\t\t\t\t\t\t\t\t<\/div>\n\t\t\t\t<\/div>\n\t\t\t\t\t<\/div>\n\t\t<\/div>\n\t\t\t\t\t<\/div>\n\t\t<\/section>\n\t\t\t\t<section class=\"elementor-section elementor-top-section elementor-element elementor-element-6d49810 elementor-section-boxed elementor-section-height-default elementor-section-height-default\" data-id=\"6d49810\" data-element_type=\"section\" data-e-type=\"section\">\n\t\t\t\t\t\t<div class=\"elementor-container elementor-column-gap-default\">\n\t\t\t\t\t<div class=\"elementor-column elementor-col-100 elementor-top-column elementor-element elementor-element-f1a0b7a\" data-id=\"f1a0b7a\" data-element_type=\"column\" data-e-type=\"column\">\n\t\t\t<div class=\"elementor-widget-wrap elementor-element-populated\">\n\t\t\t\t\t\t<div class=\"elementor-element elementor-element-067deff animated-slow elementor-invisible elementor-widget elementor-widget-heading\" data-id=\"067deff\" data-element_type=\"widget\" data-e-type=\"widget\" data-settings=\"{&quot;_animation&quot;:&quot;fadeInUp&quot;,&quot;_animation_delay&quot;:100}\" data-widget_type=\"heading.default\">\n\t\t\t\t<div class=\"elementor-widget-container\">\n\t\t\t\t\t<h2 class=\"elementor-heading-title elementor-size-default\">Pr\u00eat pour l'aventure ? <\/h2>\t\t\t\t<\/div>\n\t\t\t\t<\/div>\n\t\t\t\t<div class=\"elementor-element elementor-element-1e5ac6b animated-slow elementor-invisible elementor-widget elementor-widget-heading\" data-id=\"1e5ac6b\" data-element_type=\"widget\" data-e-type=\"widget\" data-settings=\"{&quot;_animation&quot;:&quot;fadeInUp&quot;,&quot;_animation_delay&quot;:100}\" data-widget_type=\"heading.default\">\n\t\t\t\t<div class=\"elementor-widget-container\">\n\t\t\t\t\t<h2 class=\"elementor-heading-title elementor-size-default\">D\u00e9sert du Namib \u00e0 v\u00e9lo<\/h2>\t\t\t\t<\/div>\n\t\t\t\t<\/div>\n\t\t\t\t<div class=\"elementor-element elementor-element-f66191a elementor-widget elementor-widget-text-editor\" data-id=\"f66191a\" data-element_type=\"widget\" data-e-type=\"widget\" data-widget_type=\"text-editor.default\">\n\t\t\t\t<div class=\"elementor-widget-container\">\n\t\t\t\t\t\t\t\t\t<p>2025, 3 d\u00e9parts : <br \/>Mai, Juin &amp; Septembre<\/p>\t\t\t\t\t\t\t\t<\/div>\n\t\t\t\t<\/div>\n\t\t\t\t<div class=\"elementor-element elementor-element-2fd831d elementor-widget elementor-widget-text-editor\" data-id=\"2fd831d\" data-element_type=\"widget\" data-e-type=\"widget\" data-widget_type=\"text-editor.default\">\n\t\t\t\t<div class=\"elementor-widget-container\">\n\t\t\t\t\t\t\t\t\t<p>Informations sur rendez-vous au +33 (0)6 09 10 00 42<br \/><strong>Places limit\u00e9es<\/strong>\u00a0<\/p>\t\t\t\t\t\t\t\t<\/div>\n\t\t\t\t<\/div>\n\t\t\t\t<div class=\"elementor-element elementor-element-d463a39 animated-slow elementor-invisible elementor-widget elementor-widget-heading\" data-id=\"d463a39\" data-element_type=\"widget\" data-e-type=\"widget\" data-settings=\"{&quot;_animation&quot;:&quot;fadeInUp&quot;,&quot;_animation_delay&quot;:100}\" data-widget_type=\"heading.default\">\n\t\t\t\t<div class=\"elementor-widget-container\">\n\t\t\t\t\t<h2 class=\"elementor-heading-title elementor-size-default\">Copyright \u00a9 Gr\u00e9gory Bouffenie 2024 <\/h2>\t\t\t\t<\/div>\n\t\t\t\t<\/div>\n\t\t\t\t\t<\/div>\n\t\t<\/div>\n\t\t\t\t\t<\/div>\n\t\t<\/section>\n\t\t\t\t<section class=\"elementor-section elementor-top-section elementor-element elementor-element-d645410 elementor-section-boxed elementor-section-height-default elementor-section-height-default\" data-id=\"d645410\" data-element_type=\"section\" data-e-type=\"section\">\n\t\t\t\t\t\t<div class=\"elementor-container elementor-column-gap-default\">\n\t\t\t\t\t<div class=\"elementor-column elementor-col-100 elementor-top-column elementor-element elementor-element-9d49cdf\" data-id=\"9d49cdf\" data-element_type=\"column\" data-e-type=\"column\">\n\t\t\t<div class=\"elementor-widget-wrap elementor-element-populated\">\n\t\t\t\t\t\t<div class=\"elementor-element elementor-element-0aa403d elementor-widget elementor-widget-spacer\" data-id=\"0aa403d\" data-element_type=\"widget\" data-e-type=\"widget\" data-widget_type=\"spacer.default\">\n\t\t\t\t<div class=\"elementor-widget-container\">\n\t\t\t\t\t\t\t<div class=\"elementor-spacer\">\n\t\t\t<div class=\"elementor-spacer-inner\"><\/div>\n\t\t<\/div>\n\t\t\t\t\t\t<\/div>\n\t\t\t\t<\/div>\n\t\t\t\t\t<\/div>\n\t\t<\/div>\n\t\t\t\t\t<\/div>\n\t\t<\/section>\n\t\t\t\t<section class=\"elementor-section elementor-top-section elementor-element elementor-element-9e1be6a elementor-section-content-middle elementor-section-full_width elementor-section-height-default elementor-section-height-default\" data-id=\"9e1be6a\" data-element_type=\"section\" data-e-type=\"section\" id=\"newsletter\" data-settings=\"{&quot;background_background&quot;:&quot;classic&quot;}\">\n\t\t\t\t\t\t\t<div class=\"elementor-background-overlay\"><\/div>\n\t\t\t\t\t\t\t<div class=\"elementor-container elementor-column-gap-no\">\n\t\t\t\t\t<div class=\"elementor-column elementor-col-100 elementor-top-column elementor-element elementor-element-5ac4cf1\" data-id=\"5ac4cf1\" data-element_type=\"column\" data-e-type=\"column\" data-settings=\"{&quot;background_background&quot;:&quot;classic&quot;}\">\n\t\t\t<div class=\"elementor-widget-wrap elementor-element-populated\">\n\t\t\t\t\t\t<section class=\"elementor-section elementor-inner-section elementor-element elementor-element-2dd484a elementor-section-boxed elementor-section-height-default elementor-section-height-default\" data-id=\"2dd484a\" data-element_type=\"section\" data-e-type=\"section\">\n\t\t\t\t\t\t<div class=\"elementor-container elementor-column-gap-default\">\n\t\t\t\t\t<div class=\"elementor-column elementor-col-100 elementor-inner-column elementor-element elementor-element-66b9f9e\" data-id=\"66b9f9e\" data-element_type=\"column\" data-e-type=\"column\">\n\t\t\t<div class=\"elementor-widget-wrap elementor-element-populated\">\n\t\t\t\t\t\t<div class=\"elementor-element elementor-element-109cd68 animated-slow elementor-invisible elementor-widget elementor-widget-heading\" data-id=\"109cd68\" data-element_type=\"widget\" data-e-type=\"widget\" data-settings=\"{&quot;_animation&quot;:&quot;fadeInUp&quot;,&quot;_animation_delay&quot;:100}\" data-widget_type=\"heading.default\">\n\t\t\t\t<div class=\"elementor-widget-container\">\n\t\t\t\t\t<h2 class=\"elementor-heading-title elementor-size-default\">Restez inform\u00e9s !<\/h2>\t\t\t\t<\/div>\n\t\t\t\t<\/div>\n\t\t\t\t<div class=\"elementor-element elementor-element-33f687a elementor-widget elementor-widget-text-editor\" data-id=\"33f687a\" data-element_type=\"widget\" data-e-type=\"widget\" data-widget_type=\"text-editor.default\">\n\t\t\t\t<div class=\"elementor-widget-container\">\n\t\t\t\t\t\t\t\t\t<p>Pour rester inform\u00e9, renseignez votre mail ci-dessous ou suivez nous sur les r\u00e9seaux sociaux :<\/p>\t\t\t\t\t\t\t\t<\/div>\n\t\t\t\t<\/div>\n\t\t\t\t<div class=\"elementor-element elementor-element-4d10163 elementor-button-align-stretch elementor-invisible elementor-widget elementor-widget-form\" data-id=\"4d10163\" data-element_type=\"widget\" data-e-type=\"widget\" data-settings=\"{&quot;button_width&quot;:&quot;33&quot;,&quot;button_width_tablet&quot;:&quot;33&quot;,&quot;_animation&quot;:&quot;fadeInUp&quot;,&quot;step_next_label&quot;:&quot;Next&quot;,&quot;step_previous_label&quot;:&quot;Previous&quot;,&quot;step_type&quot;:&quot;number_text&quot;,&quot;step_icon_shape&quot;:&quot;circle&quot;}\" data-widget_type=\"form.default\">\n\t\t\t\t<div class=\"elementor-widget-container\">\n\t\t\t\t\t\t\t<form class=\"elementor-form\" method=\"post\" name=\"New Form\" aria-label=\"New Form\">\n\t\t\t<input type=\"hidden\" name=\"post_id\" value=\"2172\"\/>\n\t\t\t<input type=\"hidden\" name=\"form_id\" value=\"4d10163\"\/>\n\t\t\t<input type=\"hidden\" name=\"referer_title\" value=\"Immersion - Iterra Exp\u00e9ditions - Gregory Bouff\u00e9nie\" \/>\n\n\t\t\t\t\t\t\t<input type=\"hidden\" name=\"queried_id\" value=\"2172\"\/>\n\t\t\t\n\t\t\t<div class=\"elementor-form-fields-wrapper elementor-labels-\">\n\t\t\t\t\t\t\t\t<div class=\"elementor-field-type-email elementor-field-group elementor-column elementor-field-group-emailnewsletter elementor-col-66 elementor-md-66 elementor-field-required\">\n\t\t\t\t\t\t\t\t\t\t\t\t<label for=\"form-field-emailnewsletter\" class=\"elementor-field-label elementor-screen-only\">\n\t\t\t\t\t\t\t\tEmail Newsletter\t\t\t\t\t\t\t<\/label>\n\t\t\t\t\t\t\t\t\t\t\t\t\t\t<input size=\"1\" type=\"email\" name=\"form_fields[emailnewsletter]\" id=\"form-field-emailnewsletter\" class=\"elementor-field elementor-size-md  elementor-field-textual\" placeholder=\"Votre Email\" required=\"required\">\n\t\t\t\t\t\t\t\t\t\t\t<\/div>\n\t\t\t\t\t\t\t\t<div class=\"elementor-field-group elementor-column elementor-field-type-submit elementor-col-33 e-form__buttons elementor-md-33\">\n\t\t\t\t\t<button class=\"elementor-button elementor-size-md\" type=\"submit\">\n\t\t\t\t\t\t<span class=\"elementor-button-content-wrapper\">\n\t\t\t\t\t\t\t\t\t\t\t\t\t\t\t\t\t\t\t\t\t\t<span class=\"elementor-button-text\">s'enregistrer<\/span>\n\t\t\t\t\t\t\t\t\t\t\t\t\t<\/span>\n\t\t\t\t\t<\/button>\n\t\t\t\t<\/div>\n\t\t\t<\/div>\n\t\t<\/form>\n\t\t\t\t\t\t<\/div>\n\t\t\t\t<\/div>\n\t\t\t\t<div class=\"elementor-element elementor-element-aeaa401 elementor-shape-circle elementor-grid-mobile-0 e-grid-align-mobile-center elementor-grid-0 e-grid-align-center elementor-widget elementor-widget-social-icons\" data-id=\"aeaa401\" data-element_type=\"widget\" data-e-type=\"widget\" data-widget_type=\"social-icons.default\">\n\t\t\t\t<div class=\"elementor-widget-container\">\n\t\t\t\t\t\t\t<div class=\"elementor-social-icons-wrapper elementor-grid\" role=\"list\">\n\t\t\t\t\t\t\t<span class=\"elementor-grid-item\" role=\"listitem\">\n\t\t\t\t\t<a class=\"elementor-icon elementor-social-icon elementor-social-icon-instagram elementor-repeater-item-64a4078\" href=\"https:\/\/www.instagram.com\/iterra_expeditions\/\" target=\"_blank\">\n\t\t\t\t\t\t<span class=\"elementor-screen-only\">Instagram<\/span>\n\t\t\t\t\t\t<i aria-hidden=\"true\" class=\"fab fa-instagram\"><\/i>\t\t\t\t\t<\/a>\n\t\t\t\t<\/span>\n\t\t\t\t\t\t\t<span class=\"elementor-grid-item\" role=\"listitem\">\n\t\t\t\t\t<a class=\"elementor-icon elementor-social-icon elementor-social-icon-facebook elementor-repeater-item-4bb776e\" href=\"https:\/\/www.facebook.com\/IterraExpeditionsFR\/?ref=py_c\" target=\"_blank\">\n\t\t\t\t\t\t<span class=\"elementor-screen-only\">Facebook<\/span>\n\t\t\t\t\t\t<i aria-hidden=\"true\" class=\"fab fa-facebook\"><\/i>\t\t\t\t\t<\/a>\n\t\t\t\t<\/span>\n\t\t\t\t\t<\/div>\n\t\t\t\t\t\t<\/div>\n\t\t\t\t<\/div>\n\t\t\t\t\t<\/div>\n\t\t<\/div>\n\t\t\t\t\t<\/div>\n\t\t<\/section>\n\t\t\t\t\t<\/div>\n\t\t<\/div>\n\t\t\t\t\t<\/div>\n\t\t<\/section>\n\t\t\t\t<section class=\"elementor-section elementor-top-section elementor-element elementor-element-f7cd103 elementor-section-boxed elementor-section-height-default elementor-section-height-default\" data-id=\"f7cd103\" data-element_type=\"section\" data-e-type=\"section\">\n\t\t\t\t\t\t<div class=\"elementor-container elementor-column-gap-default\">\n\t\t\t\t\t<div class=\"elementor-column elementor-col-100 elementor-top-column elementor-element elementor-element-9b1a9e8\" data-id=\"9b1a9e8\" data-element_type=\"column\" data-e-type=\"column\">\n\t\t\t<div class=\"elementor-widget-wrap elementor-element-populated\">\n\t\t\t\t\t\t<div class=\"elementor-element elementor-element-c2dfd36 elementor-widget elementor-widget-spacer\" data-id=\"c2dfd36\" data-element_type=\"widget\" data-e-type=\"widget\" data-widget_type=\"spacer.default\">\n\t\t\t\t<div class=\"elementor-widget-container\">\n\t\t\t\t\t\t\t<div class=\"elementor-spacer\">\n\t\t\t<div class=\"elementor-spacer-inner\"><\/div>\n\t\t<\/div>\n\t\t\t\t\t\t<\/div>\n\t\t\t\t<\/div>\n\t\t\t\t\t<\/div>\n\t\t<\/div>\n\t\t\t\t\t<\/div>\n\t\t<\/section>\n\t\t\t\t<\/div>\n\t\t","protected":false},"excerpt":{"rendered":"<p>Immersion C\u2019est bon pour le moral&#8230; Et pour la sant\u00e9 ! Mais aussi pour la s\u00e9r\u00e9nit\u00e9, la confiance, la joie de vivre, l\u2019ouverture, l\u2019\u00e9quilibre, le partage, l\u2019essentiel&#8230; Votre chien et vos fesses ! Suivez-moi, je vous emm\u00e8ne en conditions r\u00e9elles, dans les traces de mon exp\u00e9dition ! Pr\u00eat pour l&rsquo;aventure ? D\u00e9sert du Namib \u00e0 [&hellip;]<\/p>\n","protected":false},"author":1,"featured_media":0,"parent":0,"menu_order":0,"comment_status":"closed","ping_status":"closed","template":"","meta":{"footnotes":""},"class_list":["post-2172","page","type-page","status-publish","hentry"],"yoast_head":"<!-- This site is optimized with the Yoast SEO plugin v26.5 - https:\/\/yoast.com\/wordpress\/plugins\/seo\/ -->\n<title>Immersion - Iterra Exp\u00e9ditions - Gregory Bouff\u00e9nie<\/title>\n<meta name=\"robots\" content=\"index, follow, max-snippet:-1, max-image-preview:large, max-video-preview:-1\" \/>\n<link rel=\"canonical\" href=\"https:\/\/www.gregorybouffenie.com\/en\/immersion\/\" \/>\n<meta property=\"og:locale\" content=\"en_US\" \/>\n<meta property=\"og:type\" content=\"article\" \/>\n<meta property=\"og:title\" content=\"Immersion - Iterra Exp\u00e9ditions - Gregory Bouff\u00e9nie\" \/>\n<meta property=\"og:description\" content=\"Immersion C\u2019est bon pour le moral&#8230; Et pour la sant\u00e9 ! Mais aussi pour la s\u00e9r\u00e9nit\u00e9, la confiance, la joie de vivre, l\u2019ouverture, l\u2019\u00e9quilibre, le partage, l\u2019essentiel&#8230; Votre chien et vos fesses ! Suivez-moi, je vous emm\u00e8ne en conditions r\u00e9elles, dans les traces de mon exp\u00e9dition ! Pr\u00eat pour l&rsquo;aventure ? D\u00e9sert du Namib \u00e0 [&hellip;]\" \/>\n<meta property=\"og:url\" content=\"https:\/\/www.gregorybouffenie.com\/en\/immersion\/\" \/>\n<meta property=\"og:site_name\" content=\"Iterra Exp\u00e9ditions - Gregory Bouff\u00e9nie\" \/>\n<meta property=\"article:publisher\" content=\"https:\/\/www.instagram.com\/iterra_expeditions\/?hl=fr\" \/>\n<meta property=\"article:modified_time\" content=\"2024-05-01T08:52:29+00:00\" \/>\n<meta name=\"twitter:card\" content=\"summary_large_image\" \/>\n<script type=\"application\/ld+json\" class=\"yoast-schema-graph\">{\"@context\":\"https:\/\/schema.org\",\"@graph\":[{\"@type\":\"WebPage\",\"@id\":\"https:\/\/www.gregorybouffenie.com\/immersion\/\",\"url\":\"https:\/\/www.gregorybouffenie.com\/immersion\/\",\"name\":\"Immersion - Iterra Exp\u00e9ditions - Gregory Bouff\u00e9nie\",\"isPartOf\":{\"@id\":\"https:\/\/www.gregorybouffenie.com\/#website\"},\"datePublished\":\"2024-05-01T08:38:49+00:00\",\"dateModified\":\"2024-05-01T08:52:29+00:00\",\"breadcrumb\":{\"@id\":\"https:\/\/www.gregorybouffenie.com\/immersion\/#breadcrumb\"},\"inLanguage\":\"en-US\",\"potentialAction\":[{\"@type\":\"ReadAction\",\"target\":[\"https:\/\/www.gregorybouffenie.com\/immersion\/\"]}]},{\"@type\":\"BreadcrumbList\",\"@id\":\"https:\/\/www.gregorybouffenie.com\/immersion\/#breadcrumb\",\"itemListElement\":[{\"@type\":\"ListItem\",\"position\":1,\"name\":\"Accueil\",\"item\":\"https:\/\/www.gregorybouffenie.com\/\"},{\"@type\":\"ListItem\",\"position\":2,\"name\":\"Immersion\"}]},{\"@type\":\"WebSite\",\"@id\":\"https:\/\/www.gregorybouffenie.com\/#website\",\"url\":\"https:\/\/www.gregorybouffenie.com\/\",\"name\":\"Iterra Exp\u00e9ditions - Gregory Bouff\u00e9nie\",\"description\":\"Pr\u00eat pour l&#039;aventure ?\",\"publisher\":{\"@id\":\"https:\/\/www.gregorybouffenie.com\/#organization\"},\"potentialAction\":[{\"@type\":\"SearchAction\",\"target\":{\"@type\":\"EntryPoint\",\"urlTemplate\":\"https:\/\/www.gregorybouffenie.com\/?s={search_term_string}\"},\"query-input\":{\"@type\":\"PropertyValueSpecification\",\"valueRequired\":true,\"valueName\":\"search_term_string\"}}],\"inLanguage\":\"en-US\"},{\"@type\":\"Organization\",\"@id\":\"https:\/\/www.gregorybouffenie.com\/#organization\",\"name\":\"Iterra Exp\u00e9ditions\",\"url\":\"https:\/\/www.gregorybouffenie.com\/\",\"logo\":{\"@type\":\"ImageObject\",\"inLanguage\":\"en-US\",\"@id\":\"https:\/\/www.gregorybouffenie.com\/#\/schema\/logo\/image\/\",\"url\":\"https:\/\/www.gregorybouffenie.com\/wp-content\/uploads\/2021\/06\/00-LOGO-ITERRA-R-NOIR.png\",\"contentUrl\":\"https:\/\/www.gregorybouffenie.com\/wp-content\/uploads\/2021\/06\/00-LOGO-ITERRA-R-NOIR.png\",\"width\":800,\"height\":332,\"caption\":\"Iterra Exp\u00e9ditions\"},\"image\":{\"@id\":\"https:\/\/www.gregorybouffenie.com\/#\/schema\/logo\/image\/\"},\"sameAs\":[\"https:\/\/www.instagram.com\/iterra_expeditions\/?hl=fr\"]}]}<\/script>\n<!-- \/ Yoast SEO plugin. -->","yoast_head_json":{"title":"Immersion - Iterra Exp\u00e9ditions - Gregory Bouff\u00e9nie","robots":{"index":"index","follow":"follow","max-snippet":"max-snippet:-1","max-image-preview":"max-image-preview:large","max-video-preview":"max-video-preview:-1"},"canonical":"https:\/\/www.gregorybouffenie.com\/en\/immersion\/","og_locale":"en_US","og_type":"article","og_title":"Immersion - Iterra Exp\u00e9ditions - Gregory Bouff\u00e9nie","og_description":"Immersion C\u2019est bon pour le moral&#8230; Et pour la sant\u00e9 ! Mais aussi pour la s\u00e9r\u00e9nit\u00e9, la confiance, la joie de vivre, l\u2019ouverture, l\u2019\u00e9quilibre, le partage, l\u2019essentiel&#8230; Votre chien et vos fesses ! Suivez-moi, je vous emm\u00e8ne en conditions r\u00e9elles, dans les traces de mon exp\u00e9dition ! Pr\u00eat pour l&rsquo;aventure ? D\u00e9sert du Namib \u00e0 [&hellip;]","og_url":"https:\/\/www.gregorybouffenie.com\/en\/immersion\/","og_site_name":"Iterra Exp\u00e9ditions - Gregory Bouff\u00e9nie","article_publisher":"https:\/\/www.instagram.com\/iterra_expeditions\/?hl=fr","article_modified_time":"2024-05-01T08:52:29+00:00","twitter_card":"summary_large_image","schema":{"@context":"https:\/\/schema.org","@graph":[{"@type":"WebPage","@id":"https:\/\/www.gregorybouffenie.com\/immersion\/","url":"https:\/\/www.gregorybouffenie.com\/immersion\/","name":"Immersion - Iterra Exp\u00e9ditions - Gregory Bouff\u00e9nie","isPartOf":{"@id":"https:\/\/www.gregorybouffenie.com\/#website"},"datePublished":"2024-05-01T08:38:49+00:00","dateModified":"2024-05-01T08:52:29+00:00","breadcrumb":{"@id":"https:\/\/www.gregorybouffenie.com\/immersion\/#breadcrumb"},"inLanguage":"en-US","potentialAction":[{"@type":"ReadAction","target":["https:\/\/www.gregorybouffenie.com\/immersion\/"]}]},{"@type":"BreadcrumbList","@id":"https:\/\/www.gregorybouffenie.com\/immersion\/#breadcrumb","itemListElement":[{"@type":"ListItem","position":1,"name":"Accueil","item":"https:\/\/www.gregorybouffenie.com\/"},{"@type":"ListItem","position":2,"name":"Immersion"}]},{"@type":"WebSite","@id":"https:\/\/www.gregorybouffenie.com\/#website","url":"https:\/\/www.gregorybouffenie.com\/","name":"Iterra Exp\u00e9ditions - Gregory Bouff\u00e9nie","description":"Pr\u00eat pour l&#039;aventure ?","publisher":{"@id":"https:\/\/www.gregorybouffenie.com\/#organization"},"potentialAction":[{"@type":"SearchAction","target":{"@type":"EntryPoint","urlTemplate":"https:\/\/www.gregorybouffenie.com\/?s={search_term_string}"},"query-input":{"@type":"PropertyValueSpecification","valueRequired":true,"valueName":"search_term_string"}}],"inLanguage":"en-US"},{"@type":"Organization","@id":"https:\/\/www.gregorybouffenie.com\/#organization","name":"Iterra Expeditions","url":"https:\/\/www.gregorybouffenie.com\/","logo":{"@type":"ImageObject","inLanguage":"en-US","@id":"https:\/\/www.gregorybouffenie.com\/#\/schema\/logo\/image\/","url":"https:\/\/www.gregorybouffenie.com\/wp-content\/uploads\/2021\/06\/00-LOGO-ITERRA-R-NOIR.png","contentUrl":"https:\/\/www.gregorybouffenie.com\/wp-content\/uploads\/2021\/06\/00-LOGO-ITERRA-R-NOIR.png","width":800,"height":332,"caption":"Iterra Exp\u00e9ditions"},"image":{"@id":"https:\/\/www.gregorybouffenie.com\/#\/schema\/logo\/image\/"},"sameAs":["https:\/\/www.instagram.com\/iterra_expeditions\/?hl=fr"]}]}},"_links":{"self":[{"href":"https:\/\/www.gregorybouffenie.com\/en\/wp-json\/wp\/v2\/pages\/2172","targetHints":{"allow":["GET"]}}],"collection":[{"href":"https:\/\/www.gregorybouffenie.com\/en\/wp-json\/wp\/v2\/pages"}],"about":[{"href":"https:\/\/www.gregorybouffenie.com\/en\/wp-json\/wp\/v2\/types\/page"}],"author":[{"embeddable":true,"href":"https:\/\/www.gregorybouffenie.com\/en\/wp-json\/wp\/v2\/users\/1"}],"replies":[{"embeddable":true,"href":"https:\/\/www.gregorybouffenie.com\/en\/wp-json\/wp\/v2\/comments?post=2172"}],"version-history":[{"count":7,"href":"https:\/\/www.gregorybouffenie.com\/en\/wp-json\/wp\/v2\/pages\/2172\/revisions"}],"predecessor-version":[{"id":2182,"href":"https:\/\/www.gregorybouffenie.com\/en\/wp-json\/wp\/v2\/pages\/2172\/revisions\/2182"}],"wp:attachment":[{"href":"https:\/\/www.gregorybouffenie.com\/en\/wp-json\/wp\/v2\/media?parent=2172"}],"curies":[{"name":"wp","href":"https:\/\/api.w.org\/{rel}","templated":true}]}}