{"id":1524,"date":"2021-11-28T22:11:37","date_gmt":"2021-11-28T21:11:37","guid":{"rendered":"https:\/\/www.iterra-expeditions.fr\/?page_id=1524"},"modified":"2024-01-05T10:30:21","modified_gmt":"2024-01-05T09:30:21","slug":"mentions-legales","status":"publish","type":"page","link":"https:\/\/www.gregorybouffenie.com\/en\/mentions-legales\/","title":{"rendered":"Legal notice"},"content":{"rendered":"<div data-elementor-type=\"wp-page\" data-elementor-id=\"1524\" class=\"elementor elementor-1524\" data-elementor-post-type=\"page\">\n\t\t\t\t\t\t<section class=\"elementor-section elementor-top-section elementor-element elementor-element-d4d1153 elementor-section-boxed elementor-section-height-default elementor-section-height-default\" data-id=\"d4d1153\" data-element_type=\"section\" data-e-type=\"section\">\n\t\t\t\t\t\t<div class=\"elementor-container elementor-column-gap-default\">\n\t\t\t\t\t<div class=\"elementor-column elementor-col-100 elementor-top-column elementor-element elementor-element-a534407\" data-id=\"a534407\" data-element_type=\"column\" data-e-type=\"column\">\n\t\t\t<div class=\"elementor-widget-wrap elementor-element-populated\">\n\t\t\t\t\t\t<div class=\"elementor-element elementor-element-932a376 elementor-widget elementor-widget-spacer\" data-id=\"932a376\" data-element_type=\"widget\" data-e-type=\"widget\" data-widget_type=\"spacer.default\">\n\t\t\t\t<div class=\"elementor-widget-container\">\n\t\t\t\t\t\t\t<div class=\"elementor-spacer\">\n\t\t\t<div class=\"elementor-spacer-inner\"><\/div>\n\t\t<\/div>\n\t\t\t\t\t\t<\/div>\n\t\t\t\t<\/div>\n\t\t\t\t<div class=\"elementor-element elementor-element-404e3ce elementor-widget elementor-widget-heading\" data-id=\"404e3ce\" data-element_type=\"widget\" data-e-type=\"widget\" data-widget_type=\"heading.default\">\n\t\t\t\t<div class=\"elementor-widget-container\">\n\t\t\t\t\t<h2 class=\"elementor-heading-title elementor-size-default\">Legal notice<\/h2>\t\t\t\t<\/div>\n\t\t\t\t<\/div>\n\t\t\t\t<div class=\"elementor-element elementor-element-55835e0 elementor-widget elementor-widget-spacer\" data-id=\"55835e0\" data-element_type=\"widget\" data-e-type=\"widget\" data-widget_type=\"spacer.default\">\n\t\t\t\t<div class=\"elementor-widget-container\">\n\t\t\t\t\t\t\t<div class=\"elementor-spacer\">\n\t\t\t<div class=\"elementor-spacer-inner\"><\/div>\n\t\t<\/div>\n\t\t\t\t\t\t<\/div>\n\t\t\t\t<\/div>\n\t\t\t\t<div class=\"elementor-element elementor-element-8ccd017 elementor-widget elementor-widget-text-editor\" data-id=\"8ccd017\" data-element_type=\"widget\" data-e-type=\"widget\" data-widget_type=\"text-editor.default\">\n\t\t\t\t<div class=\"elementor-widget-container\">\n\t\t\t\t\t\t\t\t\t<p><i>en vigueur au 01 01 2024 <\/i><\/p><p><b>Conform\u00e9ment aux dispositions des Articles 6 \u2013 III &amp; 19 de la Loi no 2004-575 du 21 juin 2004 pour la confiance dans l\u2019 \u00e9conomie num\u00e9rique, dite L.C.E.N., il est port\u00e9 \u00e0 la connaissance des utilisateurs &amp; visiteurs, ci-apr\u00e8s \u00ab L\u2019 UTILISATEUR \u00bb, du site <i>www.gregorybouffenie.com, <\/i>ci \u2013 apr\u00e8s le site, les pr\u00e9sentes mentions l\u00e9gales Ces derni\u00e8res sont accessibles sur le site <i>www.gregorybouffenie.com, <\/i>\u00e0 la rubrique mentions l\u00e9gales <\/b><\/p><p><b><br \/>ARTICLE 1 : L\u2019 \u00c9DITEUR<\/b><\/p><p>Editeur du site : GR\u00c9GORY BOUFFENIE<br \/>bouffenie.gregory@gmail.com<br \/>Directeur de la publication : GR\u00c9GORY BOUFFENIE<br \/>Responsable de la r\u00e9daction : GR\u00c9GORY BOUFFENIE<\/p><p><strong><br \/>ARTICLE 2 : L\u2019 H\u00c9BERGEUR<\/strong><\/p><p>Hebergeur : ovh.com <br \/>Cr\u00e9ation graphique et d\u00e9veloppement web : Studio Ctrl-A<\/p><p><b><br \/>ARTICLE 3 : ACC\u00c9S AU SITE<\/b><\/p><p><b> <\/b>Le site <i>www.gregorybouffenie.com<\/i>, est accessible en tout endroit 24\/7, sauf en cas de force majeure, interruption programm\u00e9e ou non et pouvant d\u00e9couler d\u2019 une n\u00e9cessit\u00e9 de maintenance.<br \/>En cas de modification, interruption ou suspension du site <i>www.gregorybouffenie.com<\/i>, l\u2019\u00e9diteur ne saurait \u00eatre tenu responsable.<\/p><p><b><br \/>ARTICLE 4 : COLLECTE DE DONN\u00c9ES<\/b><\/p><p><b> <\/b>Le site <i>www.gregorybouffenie.com<\/i>, assure \u00e0 l\u2019 utilisateur une collecte et un traitement d\u2019 informations personnelles dans le respect de la vie priv\u00e9e conform\u00e9ment \u00e0 la loi no 78-17 du 6 janvier 1978 relative \u00e0 l\u2019 informatique, aux fichiers et aux libert\u00e9s. En vertu de la loi Informatique &amp; Libert\u00e9s, en date du 6 janvier 1978, l\u2019 utilisateur dispose d\u2019 un droit d\u2019 acc\u00e8s, de rectification, de suppression et d\u2019 opposition de ses donn\u00e9es personnelles. L\u2019 utilisateur exerce ce droit. Toute utilisation, reproduction, diffusion, commercialisation, modification, de tout ou partie du site <i>www.gregorybouffenie.com<\/i>, sans autorisation de l\u2019 \u00e9diteur est prohib\u00e9e et pourra entra\u00eener des actions et poursuites judiciaires telles que notamment pr\u00e9vues par le code de la propri\u00e9t\u00e9 intellectuelle et le code civil.<\/p>\t\t\t\t\t\t\t\t<\/div>\n\t\t\t\t<\/div>\n\t\t\t\t<div class=\"elementor-element elementor-element-5ead14f elementor-widget elementor-widget-spacer\" data-id=\"5ead14f\" data-element_type=\"widget\" data-e-type=\"widget\" data-widget_type=\"spacer.default\">\n\t\t\t\t<div class=\"elementor-widget-container\">\n\t\t\t\t\t\t\t<div class=\"elementor-spacer\">\n\t\t\t<div class=\"elementor-spacer-inner\"><\/div>\n\t\t<\/div>\n\t\t\t\t\t\t<\/div>\n\t\t\t\t<\/div>\n\t\t\t\t\t<\/div>\n\t\t<\/div>\n\t\t\t\t\t<\/div>\n\t\t<\/section>\n\t\t\t\t<\/div>","protected":false},"excerpt":{"rendered":"<p>en vigueur au 01 01 2024 Conform\u00e9ment aux dispositions des Articles 6 \u2013 III &amp; 19 de la Loi no 2004-575 du 21 juin 2004 pour la confiance dans l\u2019 \u00e9conomie num\u00e9rique, dite L.C.E.N., il est port\u00e9 \u00e0 la connaissance des utilisateurs &amp; visiteurs, ci-apr\u00e8s \u00ab L\u2019 UTILISATEUR \u00bb, du site www.gregorybouffenie.com, ci \u2013 apr\u00e8s [&hellip;]<\/p>\n","protected":false},"author":1,"featured_media":0,"parent":0,"menu_order":0,"comment_status":"closed","ping_status":"closed","template":"","meta":{"footnotes":""},"class_list":["post-1524","page","type-page","status-publish","hentry"],"yoast_head":"<!-- This site is optimized with the Yoast SEO plugin v26.5 - https:\/\/yoast.com\/wordpress\/plugins\/seo\/ -->\n<title>Mentions l\u00e9gales - Iterra Exp\u00e9ditions - Gregory Bouff\u00e9nie<\/title>\n<meta name=\"robots\" content=\"index, follow, max-snippet:-1, max-image-preview:large, max-video-preview:-1\" \/>\n<link rel=\"canonical\" href=\"https:\/\/www.gregorybouffenie.com\/en\/mentions-legales\/\" \/>\n<meta property=\"og:locale\" content=\"en_US\" \/>\n<meta property=\"og:type\" content=\"article\" \/>\n<meta property=\"og:title\" content=\"Mentions l\u00e9gales - Iterra Exp\u00e9ditions - Gregory Bouff\u00e9nie\" \/>\n<meta property=\"og:description\" content=\"en vigueur au 01 01 2024 Conform\u00e9ment aux dispositions des Articles 6 \u2013 III &amp; 19 de la Loi no 2004-575 du 21 juin 2004 pour la confiance dans l\u2019 \u00e9conomie num\u00e9rique, dite L.C.E.N., il est port\u00e9 \u00e0 la connaissance des utilisateurs &amp; visiteurs, ci-apr\u00e8s \u00ab L\u2019 UTILISATEUR \u00bb, du site www.gregorybouffenie.com, ci \u2013 apr\u00e8s [&hellip;]\" \/>\n<meta property=\"og:url\" content=\"https:\/\/www.gregorybouffenie.com\/en\/mentions-legales\/\" \/>\n<meta property=\"og:site_name\" content=\"Iterra Exp\u00e9ditions - Gregory Bouff\u00e9nie\" \/>\n<meta property=\"article:publisher\" content=\"https:\/\/www.instagram.com\/iterra_expeditions\/?hl=fr\" \/>\n<meta property=\"article:modified_time\" content=\"2024-01-05T09:30:21+00:00\" \/>\n<meta name=\"twitter:card\" content=\"summary_large_image\" \/>\n<meta name=\"twitter:label1\" content=\"Est. reading time\" \/>\n\t<meta name=\"twitter:data1\" content=\"2 minutes\" \/>\n<script type=\"application\/ld+json\" class=\"yoast-schema-graph\">{\"@context\":\"https:\/\/schema.org\",\"@graph\":[{\"@type\":\"WebPage\",\"@id\":\"https:\/\/www.gregorybouffenie.com\/mentions-legales\/\",\"url\":\"https:\/\/www.gregorybouffenie.com\/mentions-legales\/\",\"name\":\"Mentions l\u00e9gales - Iterra Exp\u00e9ditions - Gregory Bouff\u00e9nie\",\"isPartOf\":{\"@id\":\"https:\/\/www.gregorybouffenie.com\/#website\"},\"datePublished\":\"2021-11-28T21:11:37+00:00\",\"dateModified\":\"2024-01-05T09:30:21+00:00\",\"breadcrumb\":{\"@id\":\"https:\/\/www.gregorybouffenie.com\/mentions-legales\/#breadcrumb\"},\"inLanguage\":\"en-US\",\"potentialAction\":[{\"@type\":\"ReadAction\",\"target\":[\"https:\/\/www.gregorybouffenie.com\/mentions-legales\/\"]}]},{\"@type\":\"BreadcrumbList\",\"@id\":\"https:\/\/www.gregorybouffenie.com\/mentions-legales\/#breadcrumb\",\"itemListElement\":[{\"@type\":\"ListItem\",\"position\":1,\"name\":\"Accueil\",\"item\":\"https:\/\/www.gregorybouffenie.com\/\"},{\"@type\":\"ListItem\",\"position\":2,\"name\":\"Mentions l\u00e9gales\"}]},{\"@type\":\"WebSite\",\"@id\":\"https:\/\/www.gregorybouffenie.com\/#website\",\"url\":\"https:\/\/www.gregorybouffenie.com\/\",\"name\":\"Iterra Exp\u00e9ditions - Gregory Bouff\u00e9nie\",\"description\":\"Pr\u00eat pour l&#039;aventure ?\",\"publisher\":{\"@id\":\"https:\/\/www.gregorybouffenie.com\/#organization\"},\"potentialAction\":[{\"@type\":\"SearchAction\",\"target\":{\"@type\":\"EntryPoint\",\"urlTemplate\":\"https:\/\/www.gregorybouffenie.com\/?s={search_term_string}\"},\"query-input\":{\"@type\":\"PropertyValueSpecification\",\"valueRequired\":true,\"valueName\":\"search_term_string\"}}],\"inLanguage\":\"en-US\"},{\"@type\":\"Organization\",\"@id\":\"https:\/\/www.gregorybouffenie.com\/#organization\",\"name\":\"Iterra Exp\u00e9ditions\",\"url\":\"https:\/\/www.gregorybouffenie.com\/\",\"logo\":{\"@type\":\"ImageObject\",\"inLanguage\":\"en-US\",\"@id\":\"https:\/\/www.gregorybouffenie.com\/#\/schema\/logo\/image\/\",\"url\":\"https:\/\/www.gregorybouffenie.com\/wp-content\/uploads\/2021\/06\/00-LOGO-ITERRA-R-NOIR.png\",\"contentUrl\":\"https:\/\/www.gregorybouffenie.com\/wp-content\/uploads\/2021\/06\/00-LOGO-ITERRA-R-NOIR.png\",\"width\":800,\"height\":332,\"caption\":\"Iterra Exp\u00e9ditions\"},\"image\":{\"@id\":\"https:\/\/www.gregorybouffenie.com\/#\/schema\/logo\/image\/\"},\"sameAs\":[\"https:\/\/www.instagram.com\/iterra_expeditions\/?hl=fr\"]}]}<\/script>\n<!-- \/ Yoast SEO plugin. -->","yoast_head_json":{"title":"Mentions l\u00e9gales - Iterra Exp\u00e9ditions - Gregory Bouff\u00e9nie","robots":{"index":"index","follow":"follow","max-snippet":"max-snippet:-1","max-image-preview":"max-image-preview:large","max-video-preview":"max-video-preview:-1"},"canonical":"https:\/\/www.gregorybouffenie.com\/en\/mentions-legales\/","og_locale":"en_US","og_type":"article","og_title":"Mentions l\u00e9gales - Iterra Exp\u00e9ditions - Gregory Bouff\u00e9nie","og_description":"en vigueur au 01 01 2024 Conform\u00e9ment aux dispositions des Articles 6 \u2013 III &amp; 19 de la Loi no 2004-575 du 21 juin 2004 pour la confiance dans l\u2019 \u00e9conomie num\u00e9rique, dite L.C.E.N., il est port\u00e9 \u00e0 la connaissance des utilisateurs &amp; visiteurs, ci-apr\u00e8s \u00ab L\u2019 UTILISATEUR \u00bb, du site www.gregorybouffenie.com, ci \u2013 apr\u00e8s [&hellip;]","og_url":"https:\/\/www.gregorybouffenie.com\/en\/mentions-legales\/","og_site_name":"Iterra Exp\u00e9ditions - Gregory Bouff\u00e9nie","article_publisher":"https:\/\/www.instagram.com\/iterra_expeditions\/?hl=fr","article_modified_time":"2024-01-05T09:30:21+00:00","twitter_card":"summary_large_image","twitter_misc":{"Est. reading time":"2 minutes"},"schema":{"@context":"https:\/\/schema.org","@graph":[{"@type":"WebPage","@id":"https:\/\/www.gregorybouffenie.com\/mentions-legales\/","url":"https:\/\/www.gregorybouffenie.com\/mentions-legales\/","name":"Mentions l\u00e9gales - Iterra Exp\u00e9ditions - Gregory Bouff\u00e9nie","isPartOf":{"@id":"https:\/\/www.gregorybouffenie.com\/#website"},"datePublished":"2021-11-28T21:11:37+00:00","dateModified":"2024-01-05T09:30:21+00:00","breadcrumb":{"@id":"https:\/\/www.gregorybouffenie.com\/mentions-legales\/#breadcrumb"},"inLanguage":"en-US","potentialAction":[{"@type":"ReadAction","target":["https:\/\/www.gregorybouffenie.com\/mentions-legales\/"]}]},{"@type":"BreadcrumbList","@id":"https:\/\/www.gregorybouffenie.com\/mentions-legales\/#breadcrumb","itemListElement":[{"@type":"ListItem","position":1,"name":"Accueil","item":"https:\/\/www.gregorybouffenie.com\/"},{"@type":"ListItem","position":2,"name":"Mentions l\u00e9gales"}]},{"@type":"WebSite","@id":"https:\/\/www.gregorybouffenie.com\/#website","url":"https:\/\/www.gregorybouffenie.com\/","name":"Iterra Exp\u00e9ditions - Gregory Bouff\u00e9nie","description":"Pr\u00eat pour l&#039;aventure ?","publisher":{"@id":"https:\/\/www.gregorybouffenie.com\/#organization"},"potentialAction":[{"@type":"SearchAction","target":{"@type":"EntryPoint","urlTemplate":"https:\/\/www.gregorybouffenie.com\/?s={search_term_string}"},"query-input":{"@type":"PropertyValueSpecification","valueRequired":true,"valueName":"search_term_string"}}],"inLanguage":"en-US"},{"@type":"Organization","@id":"https:\/\/www.gregorybouffenie.com\/#organization","name":"Iterra Expeditions","url":"https:\/\/www.gregorybouffenie.com\/","logo":{"@type":"ImageObject","inLanguage":"en-US","@id":"https:\/\/www.gregorybouffenie.com\/#\/schema\/logo\/image\/","url":"https:\/\/www.gregorybouffenie.com\/wp-content\/uploads\/2021\/06\/00-LOGO-ITERRA-R-NOIR.png","contentUrl":"https:\/\/www.gregorybouffenie.com\/wp-content\/uploads\/2021\/06\/00-LOGO-ITERRA-R-NOIR.png","width":800,"height":332,"caption":"Iterra Exp\u00e9ditions"},"image":{"@id":"https:\/\/www.gregorybouffenie.com\/#\/schema\/logo\/image\/"},"sameAs":["https:\/\/www.instagram.com\/iterra_expeditions\/?hl=fr"]}]}},"_links":{"self":[{"href":"https:\/\/www.gregorybouffenie.com\/en\/wp-json\/wp\/v2\/pages\/1524","targetHints":{"allow":["GET"]}}],"collection":[{"href":"https:\/\/www.gregorybouffenie.com\/en\/wp-json\/wp\/v2\/pages"}],"about":[{"href":"https:\/\/www.gregorybouffenie.com\/en\/wp-json\/wp\/v2\/types\/page"}],"author":[{"embeddable":true,"href":"https:\/\/www.gregorybouffenie.com\/en\/wp-json\/wp\/v2\/users\/1"}],"replies":[{"embeddable":true,"href":"https:\/\/www.gregorybouffenie.com\/en\/wp-json\/wp\/v2\/comments?post=1524"}],"version-history":[{"count":10,"href":"https:\/\/www.gregorybouffenie.com\/en\/wp-json\/wp\/v2\/pages\/1524\/revisions"}],"predecessor-version":[{"id":2027,"href":"https:\/\/www.gregorybouffenie.com\/en\/wp-json\/wp\/v2\/pages\/1524\/revisions\/2027"}],"wp:attachment":[{"href":"https:\/\/www.gregorybouffenie.com\/en\/wp-json\/wp\/v2\/media?parent=1524"}],"curies":[{"name":"wp","href":"https:\/\/api.w.org\/{rel}","templated":true}]}}