{"id":1516,"date":"2021-11-28T22:00:42","date_gmt":"2021-11-28T21:00:42","guid":{"rendered":"https:\/\/www.iterra-expeditions.fr\/?page_id=1516"},"modified":"2024-01-08T09:45:59","modified_gmt":"2024-01-08T08:45:59","slug":"politique-de-confidentialite-2","status":"publish","type":"page","link":"https:\/\/www.gregorybouffenie.com\/en\/politique-de-confidentialite-2\/","title":{"rendered":"Politique de confidentialit\u00e9"},"content":{"rendered":"<div data-elementor-type=\"wp-page\" data-elementor-id=\"1516\" class=\"elementor elementor-1516\" data-elementor-post-type=\"page\">\n\t\t\t\t\t\t<section class=\"elementor-section elementor-top-section elementor-element elementor-element-d4d1153 elementor-section-boxed elementor-section-height-default elementor-section-height-default\" data-id=\"d4d1153\" data-element_type=\"section\" data-e-type=\"section\">\n\t\t\t\t\t\t<div class=\"elementor-container elementor-column-gap-default\">\n\t\t\t\t\t<div class=\"elementor-column elementor-col-100 elementor-top-column elementor-element elementor-element-a534407\" data-id=\"a534407\" data-element_type=\"column\" data-e-type=\"column\">\n\t\t\t<div class=\"elementor-widget-wrap elementor-element-populated\">\n\t\t\t\t\t\t<div class=\"elementor-element elementor-element-932a376 elementor-widget elementor-widget-spacer\" data-id=\"932a376\" data-element_type=\"widget\" data-e-type=\"widget\" data-widget_type=\"spacer.default\">\n\t\t\t\t<div class=\"elementor-widget-container\">\n\t\t\t\t\t\t\t<div class=\"elementor-spacer\">\n\t\t\t<div class=\"elementor-spacer-inner\"><\/div>\n\t\t<\/div>\n\t\t\t\t\t\t<\/div>\n\t\t\t\t<\/div>\n\t\t\t\t<div class=\"elementor-element elementor-element-404e3ce elementor-widget elementor-widget-heading\" data-id=\"404e3ce\" data-element_type=\"widget\" data-e-type=\"widget\" data-widget_type=\"heading.default\">\n\t\t\t\t<div class=\"elementor-widget-container\">\n\t\t\t\t\t<h2 class=\"elementor-heading-title elementor-size-default\">Politique de confidentialit\u00e9<\/h2>\t\t\t\t<\/div>\n\t\t\t\t<\/div>\n\t\t\t\t<div class=\"elementor-element elementor-element-55835e0 elementor-widget elementor-widget-spacer\" data-id=\"55835e0\" data-element_type=\"widget\" data-e-type=\"widget\" data-widget_type=\"spacer.default\">\n\t\t\t\t<div class=\"elementor-widget-container\">\n\t\t\t\t\t\t\t<div class=\"elementor-spacer\">\n\t\t\t<div class=\"elementor-spacer-inner\"><\/div>\n\t\t<\/div>\n\t\t\t\t\t\t<\/div>\n\t\t\t\t<\/div>\n\t\t\t\t<div class=\"elementor-element elementor-element-8ccd017 elementor-widget elementor-widget-text-editor\" data-id=\"8ccd017\" data-element_type=\"widget\" data-e-type=\"widget\" data-widget_type=\"text-editor.default\">\n\t\t\t\t<div class=\"elementor-widget-container\">\n\t\t\t\t\t\t\t\t\t<p><b>POLITIQUE RELATIVE AUX DONN\u00c9ES PERSONNELLES ET AUX COOKIES <\/b><\/p><p>Cette politique de confidentialit\u00e9 (\u201cPolitique de Confidentialit\u00e9\u201d) d\u00e9crit les donn\u00e9es personnelles collect\u00e9es et g\u00e9n\u00e9r\u00e9es (trait\u00e9es) lorsque vous utilisez le site internet de <i>GR\u00c9GORY BOUFFENIE<\/i>. Cette Politique de Confidentialit\u00e9 d\u00e9crit les types de donn\u00e9es personnelles collect\u00e9es quand vous utilisez notre site et comment vos donn\u00e9es personnelles sont utilis\u00e9es, partag\u00e9es et prot\u00e9g\u00e9es. Elle explique \u00e9galement les choix dont vous disposez s\u2019agissant de vos donn\u00e9es personnelles et comment nous contacter.<\/p><p><b>QUI EST RESPONSABLE DU TRAITEMENT DE VOS DONN\u00c9ES PERSONNELLES ? <\/b><\/p><p><i>GR\u00c9GORY BOUFFENIE <\/i>au travers de son repr\u00e9sentant est responsable du traitement. Cependant vos donn\u00e9es personnelles vont d\u00e9pendre de la fa\u00e7on dont vous interagissez avec notre site et de votre localisation g\u00e9ographique dans le monde.<\/p><p><b>QUELLES DONN\u00c9ES PERSONNELLES NOUS COLLECTONS ET QUAND ?<\/b><\/p><p><b> <\/b>Nous vous demandons certaines donn\u00e9es personnelles pour vous fournir les services que vous sollicitez. Par exemple, lorsque vous demandez \u00e0 recevoir des communications, sur notre site. Ces donn\u00e9es personnelles comprennent vos : \u25e6Coordonn\u00e9es, comprenant nom, email, num\u00e9ro de t\u00e9l\u00e9phone et adresse postale, \u25e6Informations d\u2019utilisateur et de compte, comprenant vos pseudonymes, mot de passe et identifiant unique d\u2019utilisateur, \u25e6Informations personnelles, comprenant votre sexe et votre date de naissance, \u25e6Images, photos et vid\u00e9os, \u25e6Pr\u00e9f\u00e9rences personnelles, comprenant vos pr\u00e9f\u00e9rences marketing et en mati\u00e8re de cookies. Quand vous interagissez avec notre site, les donn\u00e9es sont automatiquement collect\u00e9es et partag\u00e9es avec <i>GR\u00c9GORY BOUFFENIE <\/i>par les plateformes technologiques fournissant l\u2019exp\u00e9rience. Par exemple, votre navigateur internet ou votre t\u00e9l\u00e9phone mobile peuvent partager certaines donn\u00e9es avec <i>GR\u00c9GORY BOUFFENIE<\/i>. Plus d\u2019informations sur ces pratiques sont donn\u00e9es dans la section \u201cCookies et Balises\u201d ci-dessous. Ces donn\u00e9es comprennent : \u25e6ID de l\u2019appareil, \u00e9tat des appels, acc\u00e8s au r\u00e9seau, information de stockage et de batterie \u25e6Cookies, adresses IP, en-t\u00eates de r\u00e9f\u00e9rant, donn\u00e9es identifiant votre navigateur internet et sa version, pixels espions et balises web.<\/p><p><b>LES OUTILS POUR G\u00c9RER CE QUE NOUS COLLECTONS<\/b><\/p><p><b> <\/b>Quand vous utilisez notre site, nous vous informons \u00e9galement de notre collecte et de notre utilisation par l\u2019interm\u00e9diaire des conditions d\u2019utilisation des <i>app stores<\/i>, des syst\u00e8mes d\u2019exploitation pour mobiles, et dans le cadre de l\u2019utilisation du site. Nous sollicitons \u00e9galement votre consentement quand cela est n\u00e9cessaire. Dans de nombreux cas, votre navigateur internet ou plateforme de t\u00e9l\u00e9phone mobile fournira des outils suppl\u00e9mentaires pour vous permettre de contr\u00f4ler quand votre appareil collecte ou partage certaines cat\u00e9gories d\u2019information. Par exemple, votre t\u00e9l\u00e9phone mobile ou navigateur internet peuvent fournir des outils vous permettant de g\u00e9rer l\u2019usage des cookies ou le partage de localisation. Nous vous encourageons \u00e0 vous familiariser et \u00e0 utiliser les outils disponibles sur vos appareils.<\/p><p><b>POURQUOI ET COMMENT NOUS UTILISONS (TRAITONS) VOS DONN\u00c9ES PERSONNELLES <\/b><\/p><p>Nous utilisons les donn\u00e9es personnelles que nous collectons aupr\u00e8s de vous aux fins suivantes : Pour fournir les fonctionnalit\u00e9s des sites et services que vous sollicitez Quand vous utilisez notre site, nous utilisons vos donn\u00e9es pour fournir le produit que vous avez s\u00e9lectionn\u00e9. Pour fournir des informations sur nos produits Pour prot\u00e9ger nos droits, propri\u00e9t\u00e9 et s\u00e9curit\u00e9, et ceux des autres Nous pouvons \u00e9galement utiliser les donn\u00e9es sur la fa\u00e7on dont vous utilisez notre site pour pr\u00e9venir ou d\u00e9tecter des fraudes, abus, utilisations illicites et violations de nos conditions d\u2019utilisation et pour se conformer \u00e0 des d\u00e9cisions de justice, requ\u00eate gouvernementale ou loi. \u00c0 des fins de recherche g\u00e9n\u00e9rale et d\u2019 analyse Nous utilisons les donn\u00e9es pour comprendre comment nos visiteurs utilisent notre site et les comportements et pr\u00e9f\u00e9rences des consommateurs. Par exemple, nous pouvons utiliser les informations sur comment les visiteurs de <i>GR\u00c9GORY BOUFFENIE <\/i>cherchent et trouvent les produits pour mieux comprendre les meilleures fa\u00e7ons d\u2019organiser et de pr\u00e9senter nos offres de produits sur notre site.<\/p><p><b>Partage de vos donn\u00e9es personnelles <\/b><\/p><p>Partage par <i>GR\u00c9GORY BOUFFENIE GR\u00c9GORY BOUFFENIE <\/i>partage vos donn\u00e9es personnelles avec : \u25e6Des prestataires de services tiers proc\u00e9dant au traitement de donn\u00e9es personnelles pour le compte de <i>GR\u00c9GORY BOUFFENIE<\/i>, par exemple pour l\u2019administration et la gestion de nos donn\u00e9es, la distribution d\u2019emails, les recherches et analyses, ainsi que pour l\u2019administration de certains services et fonctionnalit\u00e9s, \u25e6D\u2019autres tiers dans la mesure o\u00f9 cela est n\u00e9cessaire pour : (I) se conformer \u00e0 une requ\u00eate, d\u00e9cision de justice ou l\u00e9gislation ; (II) emp\u00eacher des utilisations illicites de notre site ou la violation des conditions d\u2019utilisation de notre site et de nos r\u00e8gles ; (III) nous d\u00e9fendre contre des r\u00e9clamations de tiers ; et (IV) fournir notre assistance dans la pr\u00e9vention des fraudes ou des investigations (par exemple contrefa\u00e7on). Nous pouvons \u00e9galement transf\u00e9rer les donn\u00e9es personnelles vous concernant dans le cas o\u00f9 nous c\u00e9dons ou transf\u00e9rons tout ou partie de nos activit\u00e9s ou actifs (en ce compris dans le cas d\u2019une r\u00e9organisation, d\u2019une cession, dissolution ou liquidation).<\/p><p><b>VOS PARTAGES <\/b><\/p><p>Lorsque vous utilisez certaines fonctionnalit\u00e9s sociales sur notre site, vous pouvez cr\u00e9er un profil public qui peut contenir des informations telles que votre pseudonyme, votre photo de profil et votre ville. Vous pouvez aussi partager des contenus avec vos amis ou avec le public, comprenant des informations sur votre activit\u00e9 avec <i>GR\u00c9GORY BOUFFENIE<\/i>. Nous vous encourageons \u00e0 utiliser les outils que nous vous fournissons pour contr\u00f4ler au mieux les informations que vous rendez ainsi disponibles par l\u2019interm\u00e9diaire des fonctionnalit\u00e9s de <i>GR\u00c9GORY BOUFFENIE<\/i>.<\/p><p><b>PROTECTION ET GESTION DE VOS DONN\u00c9ES PERSONNELLES <\/b><\/p><p>\u25e6Cryptage &amp; S\u00e9curit\u00e9 : Nous utilisons diff\u00e9rentes mesures de s\u00e9curit\u00e9 techniques et organisationnelles, et notamment le cryptage et des outils d\u2019authentification, pour assurer la s\u00e9curit\u00e9 de vos donn\u00e9es personnelles. Vos donn\u00e9es personnelles sont stock\u00e9es sur des serveurs s\u00e9curis\u00e9s et uniquement accessibles \u00e0 un nombre limit\u00e9 de personnes ayant des droits d\u2019acc\u00e8s sp\u00e9cifiques \u00e0 ces syst\u00e8mes. Si vous \u00eates situ\u00e9s dans l\u2019Espace Economique Europ\u00e9en (EEE) ou en Suisse, nous prenons les mesures n\u00e9cessaires pour nous conformer aux conditions l\u00e9gales applicables et assurer une protection ad\u00e9quate pour le transfert de donn\u00e9es personnelles \u00e0 des destinataires situ\u00e9s dans des pays situ\u00e9s en dehors de l\u2019EEE ou de la Suisse. \u25e6Conservation de vos donn\u00e9es : nous conservons vos donn\u00e9es personnelles aussi longtemps que cela est n\u00e9cessaire aux motifs pour lesquels nous les collectons, sauf dispositions l\u00e9gales contraires. \u25e6Vos droits s\u2019agissant de vos Donn\u00e9es Personnelles : Vous avez le droit de retirer votre consentement \u00e0 notre utilisation de vos donn\u00e9es personnelles. Vous avez \u00e9galement le droit d\u2019acc\u00e8s \u00e0 vos donn\u00e9es, de les modifier ou de les supprimer, dans le cas o\u00f9 vos donn\u00e9es telles que conserv\u00e9es par nos soins sont incorrectes ou illicites. Pour modifier vos inscriptions (par email ou SMS) ou pour cesser de recevoir des communications de la part de <i>GR\u00c9GORY BOUFFENIE<\/i>, vous pouvez modifier vos pr\u00e9f\u00e9rences dans la rubrique \u201c<i>Voir ou changer mon profil<\/i>\u201d de notre site. Vous pouvez aussi nous contacter pour exercer vos droits d\u2019acc\u00e8s, de modification et de suppression ou pour vous opposer au traitement de vos donn\u00e9es personnelles par l\u2019interm\u00e9diaire des coordonn\u00e9es de contact figurant dans la rubrique \u201c<i>Questions et Commentaires<\/i>\u201d ci-dessous, ou en envoyant un email \u00e0 gregorybouffenie@gmail.com.<\/p><p><b>COOKIES ET BALISES <\/b><\/p><p><i>GR\u00c9GORY BOUFFENIE <\/i>re\u00e7oit et enregistre des informations, qui peuvent inclure des donn\u00e9es personnelles, depuis votre navigateur lorsque vous utilisez notre site. Nous utilisons diff\u00e9rentes m\u00e9thodes, telles que les cookies et balises, pour collecter ces informations, lesquelles peuvent inclure vos (I) adresse IP ; (II) cookie unique d\u2019identification, cookie d\u2019information et informations sur les contenus de votre mat\u00e9riel pour acc\u00e9der \u00e0 certaines caract\u00e9ristiques; (III) num\u00e9ro unique d\u2019identification du mat\u00e9riel et type de mat\u00e9riel; (IV) domaine, type de navigateur et langue, (V) syst\u00e8me d\u2019exploitation et param\u00e9trages ; (VI) pays et fuseau horaire ; (VII) sites pr\u00e9alablement visit\u00e9s ; (VIII) information sur vos actions sur notre site tels que comportement en termes de clics, et pr\u00e9f\u00e9rences ; et (IX) heures d\u2019acc\u00e8s et URLs de r\u00e9f\u00e9rence. Des tiers peuvent \u00e9galement collecter des informations depuis le site par l\u2019interm\u00e9diaire de cookies, de modules tiers et widgets. Ces tiers collectent des donn\u00e9es directement depuis votre navigateur de navigation et le traitement de ces donn\u00e9es est soumis \u00e0 leurs propres politiques de protection des donn\u00e9es personnelles. Nous utilisons des cookies et des balises pour suivre l\u2019usage des sites par nos clients et comprendre leurs pr\u00e9f\u00e9rences (tels que pays et langue). Cela nous permet de fournir des services \u00e0 nos clients et d\u2019am\u00e9liorer leur exp\u00e9rience en ligne. Nous utilisons \u00e9galement des cookies et des balises pour obtenir des informations g\u00e9n\u00e9rales sur le trafic du site et ses interactions, pour identifier des tendances et obtenir des statistiques, et ainsi am\u00e9liorer notre site. Il y a en g\u00e9n\u00e9ral trois cat\u00e9gories de cookies utilis\u00e9s sur notre site : \u25e6Cookies fonctionnels : ces cookies sont requis pour les fonctionnalit\u00e9s basiques du site et sont par cons\u00e9quent toujours actifs. Cela comprend les cookies qui vous permettent d\u2019\u00eatre reconnus lorsque vous visitez notre site au cours d\u2019une m\u00eame session ou, si vous le souhaitez, d\u2019une session \u00e0 l\u2019autre. Ils permettent d\u2019assurer la s\u00e9curit\u00e9 des \u00e9changes et le respect de la r\u00e9glementation. \u25e6Cookies de performance : ces cookies nous permettent d\u2019am\u00e9liorer les fonctionnalit\u00e9s de notre site en suivant leur usage. Dans certains cas, ces cookies permettent d\u2019am\u00e9liorer la rapidit\u00e9 avec laquelle nous traitons votre demande, de retenir les pr\u00e9f\u00e9rences que vous avez s\u00e9lectionn\u00e9es. Refuser ces cookies peut entra\u00eener des recommandations moins pertinentes et un ralentissement de la performance du site. \u25e6Cookies des R\u00e9seaux sociaux et Publicit\u00e9 : les cookies de r\u00e9seaux sociaux offrent la possibilit\u00e9 de vous connecter \u00e0 vos r\u00e9seaux sociaux et de partager des contenus depuis notre site sur les r\u00e9seaux sociaux. Les cookies de publicit\u00e9 (de tiers) collectent des informations pour permettre de mieux adapter les publicit\u00e9s \u00e0 vos centres d\u2019int\u00e9r\u00eats, \u00e0 la fois sur notre site et en dehors. Dans certains cas, ces cookies n\u00e9cessitent un traitement de donn\u00e9es personnelles. Refuser ces cookies peut entra\u00eener l\u2019affichage de publicit\u00e9s qui ne sont pas adapt\u00e9es ou emp\u00eacher la connexion effective \u00e0 Facebook, Twitter, ou d\u2019autres r\u00e9seaux sociaux et\/ ou emp\u00eacher la possibilit\u00e9 pour vous de partager le contenu sur les r\u00e9seaux sociaux.<\/p><p><b>MODIFICATIONS DE NOTRE POLITIQUE DE CONFIDENTIALIT\u00c9 <\/b><\/p><p>La l\u00e9gislation et les pratiques \u00e9voluent au fil du temps. Si nous d\u00e9cidons de mettre \u00e0 jour notre Politique de Confidentialit\u00e9, nous publierons les modifications sur notre site. Nous vous invitons vivement \u00e0 lire notre Politique de Confidentialit\u00e9 et \u00e0 v\u00e9rifier r\u00e9guli\u00e8rement si des modifications y ont \u00e9t\u00e9 apport\u00e9es. Cette Politique de Confidentialit\u00e9 a \u00e9t\u00e9 modifi\u00e9e pour la derni\u00e8re en Septembre 2016<\/p><p><b>QUESTIONS ET COMMENTAIRES <\/b><\/p><p>Nous vous remercions pour vos questions, commentaires et pr\u00e9occupations s\u2019agissant de notre Politique de Confidentialit\u00e9 et de nos pratiques en la mati\u00e8re. Si vous souhaitez nous faire part de vos commentaires ou si vous avez des questions ou des pr\u00e9occupations, vous pouvez contacter le service consommateurs par courrier au : GR\u00c9GORY BOUFFENIE 12 Rue du Pr\u00e9 de Foire 83310 Grimaud, ou par courriel \u00e0 bouffenie.gregory@gmail.com<span class=\"Apple-converted-space\">\u00a0<\/span><\/p>\t\t\t\t\t\t\t\t<\/div>\n\t\t\t\t<\/div>\n\t\t\t\t<div class=\"elementor-element elementor-element-5ead14f elementor-widget elementor-widget-spacer\" data-id=\"5ead14f\" data-element_type=\"widget\" data-e-type=\"widget\" data-widget_type=\"spacer.default\">\n\t\t\t\t<div class=\"elementor-widget-container\">\n\t\t\t\t\t\t\t<div class=\"elementor-spacer\">\n\t\t\t<div class=\"elementor-spacer-inner\"><\/div>\n\t\t<\/div>\n\t\t\t\t\t\t<\/div>\n\t\t\t\t<\/div>\n\t\t\t\t\t<\/div>\n\t\t<\/div>\n\t\t\t\t\t<\/div>\n\t\t<\/section>\n\t\t\t\t<\/div>","protected":false},"excerpt":{"rendered":"<p>POLITIQUE RELATIVE AUX DONN\u00c9ES PERSONNELLES ET AUX COOKIES Cette politique de confidentialit\u00e9 (\u201cPolitique de Confidentialit\u00e9\u201d) d\u00e9crit les donn\u00e9es personnelles collect\u00e9es et g\u00e9n\u00e9r\u00e9es (trait\u00e9es) lorsque vous utilisez le site internet de GR\u00c9GORY BOUFFENIE. Cette Politique de Confidentialit\u00e9 d\u00e9crit les types de donn\u00e9es personnelles collect\u00e9es quand vous utilisez notre site et comment vos donn\u00e9es personnelles sont utilis\u00e9es, [&hellip;]<\/p>\n","protected":false},"author":1,"featured_media":0,"parent":0,"menu_order":0,"comment_status":"closed","ping_status":"closed","template":"","meta":{"footnotes":""},"class_list":["post-1516","page","type-page","status-publish","hentry"],"yoast_head":"<!-- This site is optimized with the Yoast SEO plugin v26.5 - https:\/\/yoast.com\/wordpress\/plugins\/seo\/ -->\n<title>Politique de confidentialit\u00e9 - Iterra Exp\u00e9ditions - Gregory Bouff\u00e9nie<\/title>\n<meta name=\"robots\" content=\"index, follow, max-snippet:-1, max-image-preview:large, max-video-preview:-1\" \/>\n<link rel=\"canonical\" href=\"https:\/\/www.gregorybouffenie.com\/en\/politique-de-confidentialite-2\/\" \/>\n<meta property=\"og:locale\" content=\"en_US\" \/>\n<meta property=\"og:type\" content=\"article\" \/>\n<meta property=\"og:title\" content=\"Politique de confidentialit\u00e9 - Iterra Exp\u00e9ditions - Gregory Bouff\u00e9nie\" \/>\n<meta property=\"og:description\" content=\"POLITIQUE RELATIVE AUX DONN\u00c9ES PERSONNELLES ET AUX COOKIES Cette politique de confidentialit\u00e9 (\u201cPolitique de Confidentialit\u00e9\u201d) d\u00e9crit les donn\u00e9es personnelles collect\u00e9es et g\u00e9n\u00e9r\u00e9es (trait\u00e9es) lorsque vous utilisez le site internet de GR\u00c9GORY BOUFFENIE. Cette Politique de Confidentialit\u00e9 d\u00e9crit les types de donn\u00e9es personnelles collect\u00e9es quand vous utilisez notre site et comment vos donn\u00e9es personnelles sont utilis\u00e9es, [&hellip;]\" \/>\n<meta property=\"og:url\" content=\"https:\/\/www.gregorybouffenie.com\/en\/politique-de-confidentialite-2\/\" \/>\n<meta property=\"og:site_name\" content=\"Iterra Exp\u00e9ditions - Gregory Bouff\u00e9nie\" \/>\n<meta property=\"article:publisher\" content=\"https:\/\/www.instagram.com\/iterra_expeditions\/?hl=fr\" \/>\n<meta property=\"article:modified_time\" content=\"2024-01-08T08:45:59+00:00\" \/>\n<meta name=\"twitter:card\" content=\"summary_large_image\" \/>\n<meta name=\"twitter:label1\" content=\"Est. reading time\" \/>\n\t<meta name=\"twitter:data1\" content=\"10 minutes\" \/>\n<script type=\"application\/ld+json\" class=\"yoast-schema-graph\">{\"@context\":\"https:\/\/schema.org\",\"@graph\":[{\"@type\":\"WebPage\",\"@id\":\"https:\/\/www.gregorybouffenie.com\/politique-de-confidentialite-2\/\",\"url\":\"https:\/\/www.gregorybouffenie.com\/politique-de-confidentialite-2\/\",\"name\":\"Politique de confidentialit\u00e9 - Iterra Exp\u00e9ditions - Gregory Bouff\u00e9nie\",\"isPartOf\":{\"@id\":\"https:\/\/www.gregorybouffenie.com\/#website\"},\"datePublished\":\"2021-11-28T21:00:42+00:00\",\"dateModified\":\"2024-01-08T08:45:59+00:00\",\"breadcrumb\":{\"@id\":\"https:\/\/www.gregorybouffenie.com\/politique-de-confidentialite-2\/#breadcrumb\"},\"inLanguage\":\"en-US\",\"potentialAction\":[{\"@type\":\"ReadAction\",\"target\":[\"https:\/\/www.gregorybouffenie.com\/politique-de-confidentialite-2\/\"]}]},{\"@type\":\"BreadcrumbList\",\"@id\":\"https:\/\/www.gregorybouffenie.com\/politique-de-confidentialite-2\/#breadcrumb\",\"itemListElement\":[{\"@type\":\"ListItem\",\"position\":1,\"name\":\"Accueil\",\"item\":\"https:\/\/www.gregorybouffenie.com\/\"},{\"@type\":\"ListItem\",\"position\":2,\"name\":\"Politique de confidentialit\u00e9\"}]},{\"@type\":\"WebSite\",\"@id\":\"https:\/\/www.gregorybouffenie.com\/#website\",\"url\":\"https:\/\/www.gregorybouffenie.com\/\",\"name\":\"Iterra Exp\u00e9ditions - Gregory Bouff\u00e9nie\",\"description\":\"Pr\u00eat pour l&#039;aventure ?\",\"publisher\":{\"@id\":\"https:\/\/www.gregorybouffenie.com\/#organization\"},\"potentialAction\":[{\"@type\":\"SearchAction\",\"target\":{\"@type\":\"EntryPoint\",\"urlTemplate\":\"https:\/\/www.gregorybouffenie.com\/?s={search_term_string}\"},\"query-input\":{\"@type\":\"PropertyValueSpecification\",\"valueRequired\":true,\"valueName\":\"search_term_string\"}}],\"inLanguage\":\"en-US\"},{\"@type\":\"Organization\",\"@id\":\"https:\/\/www.gregorybouffenie.com\/#organization\",\"name\":\"Iterra Exp\u00e9ditions\",\"url\":\"https:\/\/www.gregorybouffenie.com\/\",\"logo\":{\"@type\":\"ImageObject\",\"inLanguage\":\"en-US\",\"@id\":\"https:\/\/www.gregorybouffenie.com\/#\/schema\/logo\/image\/\",\"url\":\"https:\/\/www.gregorybouffenie.com\/wp-content\/uploads\/2021\/06\/00-LOGO-ITERRA-R-NOIR.png\",\"contentUrl\":\"https:\/\/www.gregorybouffenie.com\/wp-content\/uploads\/2021\/06\/00-LOGO-ITERRA-R-NOIR.png\",\"width\":800,\"height\":332,\"caption\":\"Iterra Exp\u00e9ditions\"},\"image\":{\"@id\":\"https:\/\/www.gregorybouffenie.com\/#\/schema\/logo\/image\/\"},\"sameAs\":[\"https:\/\/www.instagram.com\/iterra_expeditions\/?hl=fr\"]}]}<\/script>\n<!-- \/ Yoast SEO plugin. -->","yoast_head_json":{"title":"Politique de confidentialit\u00e9 - Iterra Exp\u00e9ditions - Gregory Bouff\u00e9nie","robots":{"index":"index","follow":"follow","max-snippet":"max-snippet:-1","max-image-preview":"max-image-preview:large","max-video-preview":"max-video-preview:-1"},"canonical":"https:\/\/www.gregorybouffenie.com\/en\/politique-de-confidentialite-2\/","og_locale":"en_US","og_type":"article","og_title":"Politique de confidentialit\u00e9 - Iterra Exp\u00e9ditions - Gregory Bouff\u00e9nie","og_description":"POLITIQUE RELATIVE AUX DONN\u00c9ES PERSONNELLES ET AUX COOKIES Cette politique de confidentialit\u00e9 (\u201cPolitique de Confidentialit\u00e9\u201d) d\u00e9crit les donn\u00e9es personnelles collect\u00e9es et g\u00e9n\u00e9r\u00e9es (trait\u00e9es) lorsque vous utilisez le site internet de GR\u00c9GORY BOUFFENIE. Cette Politique de Confidentialit\u00e9 d\u00e9crit les types de donn\u00e9es personnelles collect\u00e9es quand vous utilisez notre site et comment vos donn\u00e9es personnelles sont utilis\u00e9es, [&hellip;]","og_url":"https:\/\/www.gregorybouffenie.com\/en\/politique-de-confidentialite-2\/","og_site_name":"Iterra Exp\u00e9ditions - Gregory Bouff\u00e9nie","article_publisher":"https:\/\/www.instagram.com\/iterra_expeditions\/?hl=fr","article_modified_time":"2024-01-08T08:45:59+00:00","twitter_card":"summary_large_image","twitter_misc":{"Est. reading time":"10 minutes"},"schema":{"@context":"https:\/\/schema.org","@graph":[{"@type":"WebPage","@id":"https:\/\/www.gregorybouffenie.com\/politique-de-confidentialite-2\/","url":"https:\/\/www.gregorybouffenie.com\/politique-de-confidentialite-2\/","name":"Politique de confidentialit\u00e9 - Iterra Exp\u00e9ditions - Gregory Bouff\u00e9nie","isPartOf":{"@id":"https:\/\/www.gregorybouffenie.com\/#website"},"datePublished":"2021-11-28T21:00:42+00:00","dateModified":"2024-01-08T08:45:59+00:00","breadcrumb":{"@id":"https:\/\/www.gregorybouffenie.com\/politique-de-confidentialite-2\/#breadcrumb"},"inLanguage":"en-US","potentialAction":[{"@type":"ReadAction","target":["https:\/\/www.gregorybouffenie.com\/politique-de-confidentialite-2\/"]}]},{"@type":"BreadcrumbList","@id":"https:\/\/www.gregorybouffenie.com\/politique-de-confidentialite-2\/#breadcrumb","itemListElement":[{"@type":"ListItem","position":1,"name":"Accueil","item":"https:\/\/www.gregorybouffenie.com\/"},{"@type":"ListItem","position":2,"name":"Politique de confidentialit\u00e9"}]},{"@type":"WebSite","@id":"https:\/\/www.gregorybouffenie.com\/#website","url":"https:\/\/www.gregorybouffenie.com\/","name":"Iterra Exp\u00e9ditions - Gregory Bouff\u00e9nie","description":"Pr\u00eat pour l&#039;aventure ?","publisher":{"@id":"https:\/\/www.gregorybouffenie.com\/#organization"},"potentialAction":[{"@type":"SearchAction","target":{"@type":"EntryPoint","urlTemplate":"https:\/\/www.gregorybouffenie.com\/?s={search_term_string}"},"query-input":{"@type":"PropertyValueSpecification","valueRequired":true,"valueName":"search_term_string"}}],"inLanguage":"en-US"},{"@type":"Organization","@id":"https:\/\/www.gregorybouffenie.com\/#organization","name":"Iterra Expeditions","url":"https:\/\/www.gregorybouffenie.com\/","logo":{"@type":"ImageObject","inLanguage":"en-US","@id":"https:\/\/www.gregorybouffenie.com\/#\/schema\/logo\/image\/","url":"https:\/\/www.gregorybouffenie.com\/wp-content\/uploads\/2021\/06\/00-LOGO-ITERRA-R-NOIR.png","contentUrl":"https:\/\/www.gregorybouffenie.com\/wp-content\/uploads\/2021\/06\/00-LOGO-ITERRA-R-NOIR.png","width":800,"height":332,"caption":"Iterra Exp\u00e9ditions"},"image":{"@id":"https:\/\/www.gregorybouffenie.com\/#\/schema\/logo\/image\/"},"sameAs":["https:\/\/www.instagram.com\/iterra_expeditions\/?hl=fr"]}]}},"_links":{"self":[{"href":"https:\/\/www.gregorybouffenie.com\/en\/wp-json\/wp\/v2\/pages\/1516","targetHints":{"allow":["GET"]}}],"collection":[{"href":"https:\/\/www.gregorybouffenie.com\/en\/wp-json\/wp\/v2\/pages"}],"about":[{"href":"https:\/\/www.gregorybouffenie.com\/en\/wp-json\/wp\/v2\/types\/page"}],"author":[{"embeddable":true,"href":"https:\/\/www.gregorybouffenie.com\/en\/wp-json\/wp\/v2\/users\/1"}],"replies":[{"embeddable":true,"href":"https:\/\/www.gregorybouffenie.com\/en\/wp-json\/wp\/v2\/comments?post=1516"}],"version-history":[{"count":13,"href":"https:\/\/www.gregorybouffenie.com\/en\/wp-json\/wp\/v2\/pages\/1516\/revisions"}],"predecessor-version":[{"id":2046,"href":"https:\/\/www.gregorybouffenie.com\/en\/wp-json\/wp\/v2\/pages\/1516\/revisions\/2046"}],"wp:attachment":[{"href":"https:\/\/www.gregorybouffenie.com\/en\/wp-json\/wp\/v2\/media?parent=1516"}],"curies":[{"name":"wp","href":"https:\/\/api.w.org\/{rel}","templated":true}]}}